{"id":1044,"date":"2024-06-28T19:27:43","date_gmt":"2024-06-28T18:27:43","guid":{"rendered":"https:\/\/ambniamey.esteri.it\/?page_id=1044"},"modified":"2025-03-10T12:49:55","modified_gmt":"2025-03-10T11:49:55","slug":"cooperation-scientifique-universitaire","status":"publish","type":"page","link":"https:\/\/ambniamey.esteri.it\/fr\/italia-e-niger\/diplomazia-scientifica\/cooperation-scientifique-universitaire\/","title":{"rendered":"Coop\u00e9ration scientifique universitaire"},"content":{"rendered":"<p>\u00ab\u00a0Une fen\u00eatre sur l&rsquo;Italie\u00a0\u00bb est le d\u00e9nominateur commun d&rsquo;une s\u00e9rie de conf\u00e9rences organis\u00e9es dans des universit\u00e9s nig\u00e9riennes et visant \u00e0 pr\u00e9senter chaque fois une facette diff\u00e9rente de l&rsquo;Italie au public nig\u00e9rien.<\/p>\n<ul>\n<li>Dr. Gianni Vernetti, \u00ab Les d\u00e9fis professionnels d&rsquo;un journaliste et l&rsquo;espace consacr\u00e9 par les m\u00e9dias italiens au Sahel et au Niger \u00bb, Swiss Umef University of Niger, 10 F\u00e9vrier 2024<\/li>\n<li>Dr. Luca Raineri, \u00ab\u00a0Le changement climatique\u00a0: un d\u00e9fi scientifique et politique global\u00a0\u00bb, Universit\u00e9 Abdou Moumouni, 21 F\u00e9vrier 2024<\/li>\n<li>Archit. M. Adji Mansour, \u00ab Design Italien : Une force motrice de l\u2019innovation et de la cr\u00e9ativit\u00e9 \u00bb, Universit\u00e9 Abdou Moumouni, 30 Avril 2024<\/li>\n<li>Prof. Teresa Cicirello Travaglia, \u00ab\u00a0Le sujet de la s\u00e9paration des carri\u00e8res dans la magistrature italienne\u00a0\u00bb, Universit\u00e9 Abdou Moumouni, 5 Juin 2024<\/li>\n<li>Dr.ssa Michela Angiolini, \u00abTh\u00e9orie et pratique de l&rsquo;interpr\u00e9tation linguistique \u00bb, Universit\u00e9 Abdou Moumouni, 22 janvier 2025<\/li>\n<\/ul>\n<p>La Fondation Vittorino Chizzolini de Bergame et l&rsquo;Universit\u00e9 Abdou Moumouni de Niamey, ainsi que l&rsquo;Universit\u00e9 de Gen\u00e8ve, dans le cadre d&rsquo;une collaboration lanc\u00e9e en 2020, ont lanc\u00e9 deux projets dans le domaine de l&rsquo;\u00e9ducation coordonn\u00e9s par la Prof. Stefania Gandolfi.<\/p>\n<p>Le premier concerne la coproduction d&rsquo;un manuel p\u00e9dagogique dans le cadre d&rsquo;une strat\u00e9gie de d\u00e9veloppement de pratiques innovantes dans une perspective plus proche des besoins locaux, visant \u00e0 mettre les formateurs, les enseignants et les \u00e9l\u00e8ves en contact avec leur patrimoine culturel (langues et savoirs endog\u00e8nes) et \u00e0 contribuer \u00e0 l&rsquo;am\u00e9lioration de la qualit\u00e9 de l&rsquo;\u00e9ducation de base au Niger.<\/p>\n<p>Le second porte sur le th\u00e8me : \u00ab L&rsquo;\u00e9ducation alternative pour les enfants et les jeunes exclus de l&rsquo;\u00e9cole au Niger : recherche-action dans la commune de Niamey \u00bb et comporte deux volets : un volet action qui consiste \u00e0 offrir une alternative \u00e9ducative aux enfants actuellement exclus de toute forme d&rsquo;\u00e9ducation formelle ; un second volet recherche qui vise \u00e0 analyser les approches actuelles de l&rsquo;\u00e9ducation alternative au Niger et \u00e0 proposer un mod\u00e8le d&rsquo;expansion pertinent et durable.<\/p>\n<p>L&rsquo;<strong>Universit\u00e9 des \u00c9tudes de G\u00eanes<\/strong> accueille le personnel de l&rsquo;<strong>Universit\u00e9 Djibo Hamani<\/strong> de Tahoua (UDH) pour le projet <strong>Erasmus+ NEEMA<\/strong>. Financ\u00e9 par l&rsquo;Union Europ\u00e9enne, le projet implique les universit\u00e9s de l&rsquo;Alliance Europ\u00e9enne Ulysseus et des \u00e9tablissements du Niger, du S\u00e9n\u00e9gal, du Burkina Faso et du Mali. Coordonn\u00e9 par l&rsquo;<strong>Universit\u00e9 de S\u00e9ville<\/strong>, il pr\u00e9voit la participation de l&rsquo;Universit\u00e9 de G\u00eanes avec un groupe du D\u00e9partement DICCA, engag\u00e9 dans la r\u00e9cup\u00e9ration et le recyclage des d\u00e9chets alimentaires pour produire des substances r\u00e9utilisables et des emballages alimentaires. Pour plus d&rsquo;informations, cliquez\u00a0<a href=\"https:\/\/life.unige.it\/progetto-neema-ulysseus-riunione-genn2025\" target=\"_blank\" rel=\"noopener\">ICI<\/a><\/p>\n<p>Dans le cadre du projet <strong>GOOD MAUR-NIG<\/strong>, financ\u00e9 par le programme <strong>Erasmus+<\/strong> de l&rsquo;Union Europ\u00e9enne, l&rsquo;<strong>Universit\u00e9 UNIMED de Rome<\/strong> et l&rsquo;<strong>Universit\u00e9 Ca&rsquo; Foscari de Venise<\/strong> invitent les universit\u00e9s nig\u00e9riennes, l&rsquo;<strong>Universit\u00e9 <\/strong>de Niamey<strong> Abdou Moumouni<\/strong>, l&rsquo;<strong>Universit\u00e9 Dan Dicko Dankoulodo<\/strong> de Maradi et l&rsquo;<strong>Universit\u00e9 Djibo Hamani<\/strong> de Tahoua, \u00e0 effectuer des visites d&rsquo;\u00e9tudes en Italie, afin d&rsquo;accompagner la formation du personnel acad\u00e9mique et administratif et de mettre en \u0153uvre des activit\u00e9s internationales adapt\u00e9es \u00e0 leur contexte de r\u00e9f\u00e9rence. Pour plus d&rsquo;informations, cliquez\u00a0<a href=\"https:\/\/www.unive.it\/pag\/14024\/?tx_news_pi1%5Bnews%5D=15888&amp;cHash=239af9e35f7e4710d39a067a9d964e32\" target=\"_blank\" rel=\"noopener\">ICI<\/a><\/p>\n","protected":false},"excerpt":{"rendered":"\u00ab\u00a0Une fen\u00eatre sur l&rsquo;Italie\u00a0\u00bb est le d\u00e9nominateur commun d&rsquo;une s\u00e9rie de conf\u00e9rences organis\u00e9es dans des universit\u00e9s nig\u00e9riennes et visant \u00e0 pr\u00e9senter chaque fois une facette diff\u00e9rente de l&rsquo;Italie au public nig\u00e9rien. Dr. Gianni Vernetti, \u00ab Les d\u00e9fis professionnels d&rsquo;un journaliste et l&rsquo;espace consacr\u00e9 par les m\u00e9dias italiens au Sahel et au Niger \u00bb, Swiss Umef [&hellip;]","protected":false},"author":5,"featured_media":0,"parent":172,"menu_order":0,"comment_status":"closed","ping_status":"closed","template":"","meta":{"footnotes":""},"class_list":["post-1044","page","type-page","status-publish","hentry"],"_links":{"self":[{"href":"https:\/\/ambniamey.esteri.it\/fr\/wp-json\/wp\/v2\/pages\/1044","targetHints":{"allow":["GET"]}}],"collection":[{"href":"https:\/\/ambniamey.esteri.it\/fr\/wp-json\/wp\/v2\/pages"}],"about":[{"href":"https:\/\/ambniamey.esteri.it\/fr\/wp-json\/wp\/v2\/types\/page"}],"author":[{"embeddable":true,"href":"https:\/\/ambniamey.esteri.it\/fr\/wp-json\/wp\/v2\/users\/5"}],"replies":[{"embeddable":true,"href":"https:\/\/ambniamey.esteri.it\/fr\/wp-json\/wp\/v2\/comments?post=1044"}],"version-history":[{"count":6,"href":"https:\/\/ambniamey.esteri.it\/fr\/wp-json\/wp\/v2\/pages\/1044\/revisions"}],"predecessor-version":[{"id":1622,"href":"https:\/\/ambniamey.esteri.it\/fr\/wp-json\/wp\/v2\/pages\/1044\/revisions\/1622"}],"up":[{"embeddable":true,"href":"https:\/\/ambniamey.esteri.it\/fr\/wp-json\/wp\/v2\/pages\/172"}],"wp:attachment":[{"href":"https:\/\/ambniamey.esteri.it\/fr\/wp-json\/wp\/v2\/media?parent=1044"}],"curies":[{"name":"wp","href":"https:\/\/api.w.org\/{rel}","templated":true}]}}