{"id":159,"date":"2023-09-19T09:59:50","date_gmt":"2023-09-19T08:59:50","guid":{"rendered":"https:\/\/ambniamey.esteri.it\/chi-siamo\/contatti\/"},"modified":"2024-07-10T15:24:35","modified_gmt":"2024-07-10T14:24:35","slug":"contatti","status":"publish","type":"page","link":"https:\/\/ambniamey.esteri.it\/fr\/chi-siamo\/contatti\/","title":{"rendered":"Contacts"},"content":{"rendered":"<p><strong>Ambassade d&rsquo;Italie \u00e0 Niamey<\/strong><\/p>\n<p>RouteTillab\u00e9ri BP 940<\/p>\n<p>Niamey Niger<\/p>\n<p>&nbsp;<\/p>\n<p><strong>Secr\u00e9tariat du Chef de Mission<\/strong><\/p>\n<p>E-mail : <a href=\"mailto:niamey.ambasciata@esteri.it\">niamey.ambasciata@esteri.it<\/a><\/p>\n<p>T\u00e9l : +(227) 20 72 79 88<\/p>\n<p>Cel : +(227) 80 06 17 82<\/p>\n<p>&nbsp;<\/p>\n<p><strong>Chef de Mission Adjoint\u00a0<\/strong><\/p>\n<p>Deuxi\u00e8me Secr\u00e9taire Anna Quattrone<\/p>\n<p>E-mail : <a href=\"mailto:anna.quattrone@esteri.it\" target=\"_blank\" rel=\"noopener\">anna.quattrone@esteri.it<\/a><\/p>\n<p>&nbsp;<\/p>\n<p><strong>Bureau de l&rsquo;Attach\u00e9 pour la D\u00e9fense<\/strong><\/p>\n<p>E-mail : <a href=\"mailto:difeitalia.niamey@smd.difesa.it\">difeitalia.niamey@smd.difesa.it<\/a><\/p>\n<p>Tel : +(227) 20 72 30 08<\/p>\n<p>Col. Franco Merlino<\/p>\n<p>&nbsp;<\/p>\n<p><a href=\"https:\/\/niamey.aics.gov.it\/fr\/\"><strong>Bureau de l&rsquo;AICS \u00e0 Niamey<\/strong><\/a><\/p>\n<p>T\u00e9l. +(227) 20 35 01 50<\/p>\n","protected":false},"excerpt":{"rendered":"Ambassade d&rsquo;Italie \u00e0 Niamey RouteTillab\u00e9ri BP 940 Niamey Niger &nbsp; Secr\u00e9tariat du Chef de Mission E-mail : niamey.ambasciata@esteri.it T\u00e9l : +(227) 20 72 79 88 Cel : +(227) 80 06 17 82 &nbsp; Chef de Mission Adjoint\u00a0 Deuxi\u00e8me Secr\u00e9taire Anna Quattrone E-mail : anna.quattrone@esteri.it &nbsp; Bureau de l&rsquo;Attach\u00e9 pour la D\u00e9fense E-mail : difeitalia.niamey@smd.difesa.it Tel [&hellip;]","protected":false},"author":1,"featured_media":0,"parent":156,"menu_order":4,"comment_status":"closed","ping_status":"closed","template":"","meta":{"footnotes":""},"class_list":["post-159","page","type-page","status-publish","hentry"],"_links":{"self":[{"href":"https:\/\/ambniamey.esteri.it\/fr\/wp-json\/wp\/v2\/pages\/159","targetHints":{"allow":["GET"]}}],"collection":[{"href":"https:\/\/ambniamey.esteri.it\/fr\/wp-json\/wp\/v2\/pages"}],"about":[{"href":"https:\/\/ambniamey.esteri.it\/fr\/wp-json\/wp\/v2\/types\/page"}],"author":[{"embeddable":true,"href":"https:\/\/ambniamey.esteri.it\/fr\/wp-json\/wp\/v2\/users\/1"}],"replies":[{"embeddable":true,"href":"https:\/\/ambniamey.esteri.it\/fr\/wp-json\/wp\/v2\/comments?post=159"}],"version-history":[{"count":6,"href":"https:\/\/ambniamey.esteri.it\/fr\/wp-json\/wp\/v2\/pages\/159\/revisions"}],"predecessor-version":[{"id":1087,"href":"https:\/\/ambniamey.esteri.it\/fr\/wp-json\/wp\/v2\/pages\/159\/revisions\/1087"}],"up":[{"embeddable":true,"href":"https:\/\/ambniamey.esteri.it\/fr\/wp-json\/wp\/v2\/pages\/156"}],"wp:attachment":[{"href":"https:\/\/ambniamey.esteri.it\/fr\/wp-json\/wp\/v2\/media?parent=159"}],"curies":[{"name":"wp","href":"https:\/\/api.w.org\/{rel}","templated":true}]}}