{"id":164,"date":"2023-04-11T18:10:30","date_gmt":"2023-04-11T17:10:30","guid":{"rendered":"https:\/\/ambniamey.esteri.it\/diplomazia-economica\/"},"modified":"2025-03-10T12:42:36","modified_gmt":"2025-03-10T11:42:36","slug":"diplomazia-economica","status":"publish","type":"page","link":"https:\/\/ambniamey.esteri.it\/fr\/italia-e-niger\/diplomazia-economica\/","title":{"rendered":"Diplomatie \u00e9conomique"},"content":{"rendered":"<h3 style=\"text-align: left;\"><\/h3>\n<h3 style=\"text-align: left;\"><strong>Atelier d\u00e9di\u00e9 aux entreprises nig\u00e9riennes dans le cadre de la Journ\u00e9e italo-nig\u00e9rienne<\/strong><\/h3>\n<p>&nbsp;<\/p>\n<p><img loading=\"lazy\" decoding=\"async\" class=\"alignnone size-full wp-image-1517 img-fluid\" src=\"https:\/\/ambniamey.esteri.it\/wp-content\/uploads\/2025\/03\/sito-gin-x-dipl-economica-3.jpg\" alt=\"\" width=\"1920\" height=\"1279\" srcset=\"https:\/\/ambniamey.esteri.it\/wp-content\/uploads\/2025\/03\/sito-gin-x-dipl-economica-3.jpg 1920w, https:\/\/ambniamey.esteri.it\/wp-content\/uploads\/2025\/03\/sito-gin-x-dipl-economica-3-300x200.jpg 300w, https:\/\/ambniamey.esteri.it\/wp-content\/uploads\/2025\/03\/sito-gin-x-dipl-economica-3-1024x682.jpg 1024w, https:\/\/ambniamey.esteri.it\/wp-content\/uploads\/2025\/03\/sito-gin-x-dipl-economica-3-768x512.jpg 768w\" sizes=\"auto, (max-width: 1920px) 100vw, 1920px\" \/><\/p>\n<p>Apr\u00e8s la c\u00e9r\u00e9monie inaugurale de la <strong>Journ\u00e9e italo-nig\u00e9rienne<\/strong>, l\u2019Ambassade d\u2019Italie au Niger, en collaboration avec l\u2019ICE et la Chambre de Commerce et d\u2019Industrie du Niger, a organis\u00e9 le <strong>premier workshop d\u00e9di\u00e9 aux entreprises nig\u00e9riennes<\/strong>, r\u00e9unissant environ <strong>120 acteurs \u00e9conomiques et institutionnels<\/strong>. L\u2019\u00e9v\u00e9nement a constitu\u00e9 une occasion pr\u00e9cieuse de discussion sur les opportunit\u00e9s de coop\u00e9ration entre l\u2019Italie et le Niger dans les secteurs \u00e9conomiques strat\u00e9giques.<\/p>\n<p>Dans son discours d\u2019ouverture, le Chef de Mission a soulign\u00e9 l\u2019engagement de l\u2019Italie en faveur du <strong>d\u00e9veloppement et de la stabilisation du Niger<\/strong>, en accord avec le <strong>Plan Mattei<\/strong>, mettant en avant le soutien aux secteurs productifs, \u00e0 la formation professionnelle et au microcr\u00e9dit. Il a \u00e9galement insist\u00e9 sur la n\u00e9cessit\u00e9 de <strong>renforcer les relations \u00e9conomiques<\/strong> entre les deux pays, encore limit\u00e9es, en mettant en exergue la r\u00e9cente ouverture d\u2019un <strong>Observatoire \u00c9conomique ICE<\/strong> au sein de l\u2019Ambassade comme une premi\u00e8re \u00e9tape vers une coop\u00e9ration commerciale accrue.<\/p>\n<p>Le Pr\u00e9sident de la Chambre de Commerce et d\u2019Industrie de Niamey, Mohamed Sidi, a rappel\u00e9 l\u2019int\u00e9r\u00eat du Niger pour un <strong>partenariat \u00e9conomique avec l\u2019Italie<\/strong>, notamment dans les secteurs de <strong>l\u2019agrotechnologie, de la transformation industrielle, de l\u2019\u00e9nergie et de l\u2019environnement<\/strong>. L\u2019atelier a \u00e9galement mis en lumi\u00e8re certaines difficult\u00e9s, notamment le <strong>r\u00e9gime des visas<\/strong>, qui constitue un obstacle \u00e0 la mobilit\u00e9 des entrepreneurs.<\/p>\n<p>L\u2019intervention de Binta Diakite, directrice de \u00ab\u00a0Yiriwa I.C.\u00a0\u00bb, a \u00e9t\u00e9 particuli\u00e8rement marquante. Elle a mis en avant les <strong>avantages d\u2019une coop\u00e9ration \u00e9conomique directe entre l\u2019Italie et les pays du Sahel<\/strong>, en r\u00e9duisant les interm\u00e9diaires et en valorisant la flexibilit\u00e9 des entreprises italiennes, capables de s\u2019adapter aux besoins du march\u00e9 local.<\/p>\n<p>Cet \u00e9v\u00e9nement repr\u00e9sente <strong>une premi\u00e8re \u00e9tape concr\u00e8te<\/strong> vers l\u2019intensification des relations \u00e9conomiques entre l\u2019Italie et le Niger, avec un fort int\u00e9r\u00eat des acteurs locaux pour poursuivre le dialogue \u00e0 travers l\u2019<strong>Observatoire \u00c9conomique ICE<\/strong>. L\u2019Ambassade continuera \u00e0 \u0153uvrer pour faciliter la coop\u00e9ration entre les entreprises italiennes et nig\u00e9riennes, en promouvant de nouvelles opportunit\u00e9s d\u2019\u00e9change et d\u2019investissement.<\/p>\n","protected":false},"excerpt":{"rendered":"Atelier d\u00e9di\u00e9 aux entreprises nig\u00e9riennes dans le cadre de la Journ\u00e9e italo-nig\u00e9rienne &nbsp; Apr\u00e8s la c\u00e9r\u00e9monie inaugurale de la Journ\u00e9e italo-nig\u00e9rienne, l\u2019Ambassade d\u2019Italie au Niger, en collaboration avec l\u2019ICE et la Chambre de Commerce et d\u2019Industrie du Niger, a organis\u00e9 le premier workshop d\u00e9di\u00e9 aux entreprises nig\u00e9riennes, r\u00e9unissant environ 120 acteurs \u00e9conomiques et institutionnels. L\u2019\u00e9v\u00e9nement [&hellip;]","protected":false},"author":1,"featured_media":628,"parent":179,"menu_order":1,"comment_status":"closed","ping_status":"closed","template":"","meta":{"footnotes":""},"class_list":["post-164","page","type-page","status-publish","has-post-thumbnail","hentry"],"_links":{"self":[{"href":"https:\/\/ambniamey.esteri.it\/fr\/wp-json\/wp\/v2\/pages\/164","targetHints":{"allow":["GET"]}}],"collection":[{"href":"https:\/\/ambniamey.esteri.it\/fr\/wp-json\/wp\/v2\/pages"}],"about":[{"href":"https:\/\/ambniamey.esteri.it\/fr\/wp-json\/wp\/v2\/types\/page"}],"author":[{"embeddable":true,"href":"https:\/\/ambniamey.esteri.it\/fr\/wp-json\/wp\/v2\/users\/1"}],"replies":[{"embeddable":true,"href":"https:\/\/ambniamey.esteri.it\/fr\/wp-json\/wp\/v2\/comments?post=164"}],"version-history":[{"count":6,"href":"https:\/\/ambniamey.esteri.it\/fr\/wp-json\/wp\/v2\/pages\/164\/revisions"}],"predecessor-version":[{"id":1611,"href":"https:\/\/ambniamey.esteri.it\/fr\/wp-json\/wp\/v2\/pages\/164\/revisions\/1611"}],"up":[{"embeddable":true,"href":"https:\/\/ambniamey.esteri.it\/fr\/wp-json\/wp\/v2\/pages\/179"}],"wp:featuredmedia":[{"embeddable":true,"href":"https:\/\/ambniamey.esteri.it\/fr\/wp-json\/wp\/v2\/media\/628"}],"wp:attachment":[{"href":"https:\/\/ambniamey.esteri.it\/fr\/wp-json\/wp\/v2\/media?parent=164"}],"curies":[{"name":"wp","href":"https:\/\/api.w.org\/{rel}","templated":true}]}}