{"id":170,"date":"2023-04-11T18:24:38","date_gmt":"2023-04-11T17:24:38","guid":{"rendered":"https:\/\/ambniamey.esteri.it\/diplomazia-culturale\/studiare-in-italia\/"},"modified":"2025-03-10T11:57:08","modified_gmt":"2025-03-10T10:57:08","slug":"studiare-in-italia","status":"publish","type":"page","link":"https:\/\/ambniamey.esteri.it\/fr\/italia-e-niger\/diplomazia-culturale\/studiare-in-italia\/","title":{"rendered":"\u00c9tudier en Italie"},"content":{"rendered":"<p>En plus des bourses d\u2019\u00e9tudes offertes chaque ann\u00e9e par le MAECI, plusieurs universit\u00e9s italiennes proposent des opportunit\u00e9s de financement pour les \u00e9tudiants et \u00e9tudiantes du Niger.<\/p>\n<p>Vous trouverez ci-dessous les derniers appels \u00e0 candidatures publi\u00e9s, avec la recommandation de v\u00e9rifier attentivement les dates limites ainsi que les exigences sp\u00e9cifiques pour la soumission des demandes sur les sites officiels des universit\u00e9s concern\u00e9es :<\/p>\n<ul>\n<li><strong>Universit\u00e9 de Trente<\/strong> \u2013 \u00c9tudes sur la S\u00e9curit\u00e9 Internationale <a href=\"https:\/\/corsi.unitn.it\/en\/international-security-studies\/program\/admission-and-enrollment\">(MISS)<\/a><br \/>\nClasse de dipl\u00f4me LM-52 \u2013 Relations Internationales<\/li>\n<li><strong>Universit\u00e9 de Trente<\/strong> \u2013 \u00c9tudes Europ\u00e9ennes et Internationales <a href=\"https:\/\/corsi.unitn.it\/en\/european-and-international-studies\/enrollment\/admission-and-enrollment\">(MEIS)<\/a><br \/>\nClasse de dipl\u00f4me LM-52 \u2013 Relations Internationales<\/li>\n<\/ul>\n","protected":false},"excerpt":{"rendered":"En plus des bourses d\u2019\u00e9tudes offertes chaque ann\u00e9e par le MAECI, plusieurs universit\u00e9s italiennes proposent des opportunit\u00e9s de financement pour les \u00e9tudiants et \u00e9tudiantes du Niger. Vous trouverez ci-dessous les derniers appels \u00e0 candidatures publi\u00e9s, avec la recommandation de v\u00e9rifier attentivement les dates limites ainsi que les exigences sp\u00e9cifiques pour la soumission des demandes sur [&hellip;]","protected":false},"author":1,"featured_media":0,"parent":167,"menu_order":0,"comment_status":"closed","ping_status":"closed","template":"","meta":{"footnotes":""},"class_list":["post-170","page","type-page","status-publish","hentry"],"_links":{"self":[{"href":"https:\/\/ambniamey.esteri.it\/fr\/wp-json\/wp\/v2\/pages\/170","targetHints":{"allow":["GET"]}}],"collection":[{"href":"https:\/\/ambniamey.esteri.it\/fr\/wp-json\/wp\/v2\/pages"}],"about":[{"href":"https:\/\/ambniamey.esteri.it\/fr\/wp-json\/wp\/v2\/types\/page"}],"author":[{"embeddable":true,"href":"https:\/\/ambniamey.esteri.it\/fr\/wp-json\/wp\/v2\/users\/1"}],"replies":[{"embeddable":true,"href":"https:\/\/ambniamey.esteri.it\/fr\/wp-json\/wp\/v2\/comments?post=170"}],"version-history":[{"count":5,"href":"https:\/\/ambniamey.esteri.it\/fr\/wp-json\/wp\/v2\/pages\/170\/revisions"}],"predecessor-version":[{"id":1577,"href":"https:\/\/ambniamey.esteri.it\/fr\/wp-json\/wp\/v2\/pages\/170\/revisions\/1577"}],"up":[{"embeddable":true,"href":"https:\/\/ambniamey.esteri.it\/fr\/wp-json\/wp\/v2\/pages\/167"}],"wp:attachment":[{"href":"https:\/\/ambniamey.esteri.it\/fr\/wp-json\/wp\/v2\/media?parent=170"}],"curies":[{"name":"wp","href":"https:\/\/api.w.org\/{rel}","templated":true}]}}