{"id":172,"date":"2023-04-11T18:10:55","date_gmt":"2023-04-11T17:10:55","guid":{"rendered":"https:\/\/ambniamey.esteri.it\/diplomazia-scientifica\/"},"modified":"2023-11-02T15:59:20","modified_gmt":"2023-11-02T14:59:20","slug":"diplomazia-scientifica","status":"publish","type":"page","link":"https:\/\/ambniamey.esteri.it\/fr\/italia-e-niger\/diplomazia-scientifica\/","title":{"rendered":"Diplomatie scientifique"},"content":{"rendered":"<figure id=\"attachment_644\" aria-describedby=\"caption-attachment-644\" style=\"width: 853px\" class=\"wp-caption alignnone\"><img loading=\"lazy\" decoding=\"async\" class=\" wp-image-644 img-fluid\" src=\"https:\/\/ambniamey.esteri.it\/wp-content\/uploads\/2023\/10\/corso_magistrati-300x172.jpg\" alt=\"corso per magistrati in collaborazione con la Scuola Superiore Sant\u2019Anna\" width=\"853\" height=\"489\" srcset=\"https:\/\/ambniamey.esteri.it\/wp-content\/uploads\/2023\/10\/corso_magistrati-300x172.jpg 300w, https:\/\/ambniamey.esteri.it\/wp-content\/uploads\/2023\/10\/corso_magistrati-1024x586.jpg 1024w, https:\/\/ambniamey.esteri.it\/wp-content\/uploads\/2023\/10\/corso_magistrati-768x440.jpg 768w, https:\/\/ambniamey.esteri.it\/wp-content\/uploads\/2023\/10\/corso_magistrati.jpg 1186w\" sizes=\"auto, (max-width: 853px) 100vw, 853px\" \/><figcaption id=\"caption-attachment-644\" class=\"wp-caption-text\">Cours pour Magistrats en collaboration avec l&rsquo;\u00c9cole Sup\u00e9rieure Sant&rsquo;Anna<\/figcaption><\/figure>\n<p>Depuis 2018, en collaboration avec l&rsquo;Ecole Sup\u00e9rieure Sant&rsquo;Anna de Pise, le MAECI finance des <a href=\"https:\/\/www.santannapisa.it\/en\/news\/cooperation-between-italy-and-niger-until-thursday-may-11-niamey-new-higher-education-anti\">cours de formations au profit des magistrats nig\u00e9riens<\/a>. Les cours se concentrent sur des th\u00e8mes sp\u00e9cifiques convenus avec des homologues locaux : enqu\u00eates sur le terrorisme, outils pour attaquer les avoirs criminels accumul\u00e9s illicitement, protection des donn\u00e9es personnelles et lutte contre la cybercriminalit\u00e9.<\/p>\n<p>Un projet de construction de nanosatellites a \u00e9t\u00e9 lanc\u00e9 en 2021.<\/p>\n<p>Depuis novembre 2022, le Niger participe au projet Talisman \u201cInterdisciplinary konwledge to promote food security and an equitable society in Niger in the context of climate change\u201d. Financ\u00e9 par le MAECI et mis en \u0153uvre par l&rsquo;\u00c9cole Sup\u00e9rieure Sant&rsquo;Anna de Pise, en collaboration avec l&rsquo;organisation \u00e0 but non lucratif ASeS (Farmers Solidarity and Development), le projet vise \u00e0 d\u00e9velopper des strat\u00e9gies int\u00e9gr\u00e9es pour am\u00e9liorer la r\u00e9silience face au changement climatique, afin de renforcer assurer la s\u00e9curit\u00e9 alimentaire et encourager le d\u00e9veloppement durable, ainsi que r\u00e9duire les in\u00e9galit\u00e9s sociales et accro\u00eetre la stabilit\u00e9 interne \u00e0 moyen terme.<\/p>\n<p>Depuis d\u00e9cembre 2022, le Niger est b\u00e9n\u00e9ficiaire du projet ETRA:ID, \u201cEngaging traditional and religious authorities in the Sahel: the role of inter-religious dialogue\u201d. Organis\u00e9 en collaboration avec l&rsquo;\u00c9cole Sup\u00e9rieure Sant&rsquo;Anna de Pise, le projet vise \u00e0 explorer le r\u00f4le et le potentiel des autorit\u00e9s traditionnelles dans les situations de conflit pour promouvoir des initiatives de m\u00e9diation bas\u00e9es sur le dialogue interreligieux.<\/p>\n","protected":false},"excerpt":{"rendered":"Depuis 2018, en collaboration avec l&rsquo;Ecole Sup\u00e9rieure Sant&rsquo;Anna de Pise, le MAECI finance des cours de formations au profit des magistrats nig\u00e9riens. Les cours se concentrent sur des th\u00e8mes sp\u00e9cifiques convenus avec des homologues locaux : enqu\u00eates sur le terrorisme, outils pour attaquer les avoirs criminels accumul\u00e9s illicitement, protection des donn\u00e9es personnelles et lutte contre [&hellip;]","protected":false},"author":1,"featured_media":0,"parent":179,"menu_order":4,"comment_status":"closed","ping_status":"closed","template":"","meta":{"footnotes":""},"class_list":["post-172","page","type-page","status-publish","hentry"],"_links":{"self":[{"href":"https:\/\/ambniamey.esteri.it\/fr\/wp-json\/wp\/v2\/pages\/172","targetHints":{"allow":["GET"]}}],"collection":[{"href":"https:\/\/ambniamey.esteri.it\/fr\/wp-json\/wp\/v2\/pages"}],"about":[{"href":"https:\/\/ambniamey.esteri.it\/fr\/wp-json\/wp\/v2\/types\/page"}],"author":[{"embeddable":true,"href":"https:\/\/ambniamey.esteri.it\/fr\/wp-json\/wp\/v2\/users\/1"}],"replies":[{"embeddable":true,"href":"https:\/\/ambniamey.esteri.it\/fr\/wp-json\/wp\/v2\/comments?post=172"}],"version-history":[{"count":5,"href":"https:\/\/ambniamey.esteri.it\/fr\/wp-json\/wp\/v2\/pages\/172\/revisions"}],"predecessor-version":[{"id":809,"href":"https:\/\/ambniamey.esteri.it\/fr\/wp-json\/wp\/v2\/pages\/172\/revisions\/809"}],"up":[{"embeddable":true,"href":"https:\/\/ambniamey.esteri.it\/fr\/wp-json\/wp\/v2\/pages\/179"}],"wp:attachment":[{"href":"https:\/\/ambniamey.esteri.it\/fr\/wp-json\/wp\/v2\/media?parent=172"}],"curies":[{"name":"wp","href":"https:\/\/api.w.org\/{rel}","templated":true}]}}