{"id":173,"date":"2023-04-11T18:11:52","date_gmt":"2023-04-11T17:11:52","guid":{"rendered":"https:\/\/ambniamey.esteri.it\/cooperazione-allo-sviluppo\/"},"modified":"2025-03-10T12:17:27","modified_gmt":"2025-03-10T11:17:27","slug":"cooperazione-allo-sviluppo","status":"publish","type":"page","link":"https:\/\/ambniamey.esteri.it\/fr\/italia-e-niger\/cooperazione-allo-sviluppo\/","title":{"rendered":"Coop\u00e9ration au d\u00e9veloppement"},"content":{"rendered":"<p><img loading=\"lazy\" decoding=\"async\" class=\" wp-image-716 img-fluid\" src=\"https:\/\/ambniamey.esteri.it\/wp-content\/uploads\/2023\/10\/AICS_niamey_fr-300x39.png\" alt=\"Logo AICS Niamey in francese\" width=\"854\" height=\"111\" srcset=\"https:\/\/ambniamey.esteri.it\/wp-content\/uploads\/2023\/10\/AICS_niamey_fr-300x39.png 300w, https:\/\/ambniamey.esteri.it\/wp-content\/uploads\/2023\/10\/AICS_niamey_fr-768x101.png 768w, https:\/\/ambniamey.esteri.it\/wp-content\/uploads\/2023\/10\/AICS_niamey_fr.png 922w\" sizes=\"auto, (max-width: 854px) 100vw, 854px\" \/><\/p>\n<p>Le Niger est un pays prioritaire\u00a0pour la coop\u00e9ration italienne, active dans le pays depuis les ann\u00e9es 80, avec de nombreux projets dans le domaine du d\u00e9veloppement rural, environnement et adaptation au changement climatique, sant\u00e9, s\u00e9curit\u00e9 nutritionnelle, cr\u00e9ation d&#8217;emploi, de l&rsquo;\u00e9galit\u00e9 des sexes.<\/p>\n<p>Pour plus d&rsquo;informations, visitez le site Web de l&rsquo;<a href=\"https:\/\/niamey.aics.gov.it\/fr\/\">Agence Italienne pour la Coop\u00e9ration au D\u00e9veloppement-Niamey<\/a>.<\/p>\n<p>En ce qui concerne l&rsquo;engagement de l&rsquo;Italie dans le secteur de la coop\u00e9ration au d\u00e9veloppement, l&rsquo;Italie a contribu\u00e9 \u00e0 la d\u00e9finition, dans le cadre des n\u00e9gociations de l&rsquo;ONU, du nouvel Agenda 2030 pour le d\u00e9veloppement durable, dans le but d&rsquo;\u00e9liminer la pauvret\u00e9 et de promouvoir la prosp\u00e9rit\u00e9 \u00e9conomique, le d\u00e9veloppement social et protection de l\u2019environnement \u00e0 l\u2019\u00e9chelle mondiale.<\/p>\n<p>De plus amples informations sont disponibles sur le lien suivant: <a href=\"https:\/\/www.esteri.it\/it\/politica-estera-e-cooperazione-allo-sviluppo\/temi_globali\/la-sostenibilita\/la-nuova-agenda-2030\/\">Nouvel Agenda 2030<\/a><\/p>\n","protected":false},"excerpt":{"rendered":"Le Niger est un pays prioritaire\u00a0pour la coop\u00e9ration italienne, active dans le pays depuis les ann\u00e9es 80, avec de nombreux projets dans le domaine du d\u00e9veloppement rural, environnement et adaptation au changement climatique, sant\u00e9, s\u00e9curit\u00e9 nutritionnelle, cr\u00e9ation d&#8217;emploi, de l&rsquo;\u00e9galit\u00e9 des sexes. Pour plus d&rsquo;informations, visitez le site Web de l&rsquo;Agence Italienne pour la Coop\u00e9ration [&hellip;]","protected":false},"author":1,"featured_media":716,"parent":179,"menu_order":6,"comment_status":"closed","ping_status":"closed","template":"","meta":{"footnotes":""},"class_list":["post-173","page","type-page","status-publish","has-post-thumbnail","hentry"],"_links":{"self":[{"href":"https:\/\/ambniamey.esteri.it\/fr\/wp-json\/wp\/v2\/pages\/173","targetHints":{"allow":["GET"]}}],"collection":[{"href":"https:\/\/ambniamey.esteri.it\/fr\/wp-json\/wp\/v2\/pages"}],"about":[{"href":"https:\/\/ambniamey.esteri.it\/fr\/wp-json\/wp\/v2\/types\/page"}],"author":[{"embeddable":true,"href":"https:\/\/ambniamey.esteri.it\/fr\/wp-json\/wp\/v2\/users\/1"}],"replies":[{"embeddable":true,"href":"https:\/\/ambniamey.esteri.it\/fr\/wp-json\/wp\/v2\/comments?post=173"}],"version-history":[{"count":5,"href":"https:\/\/ambniamey.esteri.it\/fr\/wp-json\/wp\/v2\/pages\/173\/revisions"}],"predecessor-version":[{"id":1584,"href":"https:\/\/ambniamey.esteri.it\/fr\/wp-json\/wp\/v2\/pages\/173\/revisions\/1584"}],"up":[{"embeddable":true,"href":"https:\/\/ambniamey.esteri.it\/fr\/wp-json\/wp\/v2\/pages\/179"}],"wp:featuredmedia":[{"embeddable":true,"href":"https:\/\/ambniamey.esteri.it\/fr\/wp-json\/wp\/v2\/media\/716"}],"wp:attachment":[{"href":"https:\/\/ambniamey.esteri.it\/fr\/wp-json\/wp\/v2\/media?parent=173"}],"curies":[{"name":"wp","href":"https:\/\/api.w.org\/{rel}","templated":true}]}}