{"id":174,"date":"2023-04-11T17:53:01","date_gmt":"2023-04-11T16:53:01","guid":{"rendered":"https:\/\/ambniamey.esteri.it\/chi-siamo\/lambasciatore\/"},"modified":"2023-10-23T12:16:33","modified_gmt":"2023-10-23T11:16:33","slug":"lambasciatore","status":"publish","type":"page","link":"https:\/\/ambniamey.esteri.it\/fr\/chi-siamo\/lambasciatore\/","title":{"rendered":"Chef de Mission"},"content":{"rendered":"<p><img loading=\"lazy\" decoding=\"async\" class=\"alignnone  wp-image-274 img-fluid\" src=\"https:\/\/ambniamey.esteri.it\/wp-content\/uploads\/2023\/09\/Foto-Orlando-modificata-300x215.jpg\" alt=\"Roberto Orlando\" width=\"425\" height=\"305\" srcset=\"https:\/\/ambniamey.esteri.it\/wp-content\/uploads\/2023\/09\/Foto-Orlando-modificata-300x215.jpg 300w, https:\/\/ambniamey.esteri.it\/wp-content\/uploads\/2023\/09\/Foto-Orlando-modificata.jpg 584w\" sizes=\"auto, (max-width: 425px) 100vw, 425px\" \/><\/p>\n<p>Dipl\u00f4m\u00e9 en Lettres\u00a0 modernes \u00e0 l\u2019\u00c9cole\u00a0 Normale Sup\u00e9rieure de Pise avec une th\u00e8se sur Montale et un ult\u00e9rieur Doctorat de Recherche en\u00a0 Italianistique, et dipl\u00f4m\u00e9 en piano aupr\u00e8s du Conservatoire de Lecce, Roberto Orlando a d\u00e9but\u00e9 sa carri\u00e8re diplomatique en 1998, s&rsquo;occupant \u00e0 plusieurs reprises de la Russie et des ex Pays sovi\u00e9tiques, ainsi que des Balkans. \u00c0 l&rsquo;\u00e9tranger, il a travaill\u00e9 \u00e0 Tirana, comme Consul \u00e0 Shkodra, \u00e0 Londres, au Kosovo comme Conseiller Politique aupr\u00e8s de la mission KFOR-OTAN, successivement\u00a0 Chef du Bureau politique aupr\u00e8s de\u00a0 l&rsquo;Ambassade d&rsquo;Italie \u00e0 Moscou, et ensuite\u00a0 Repr\u00e9sentant Permanent Adjoint aupr\u00e8s du Conseil Atlantique \u00e0 Bruxelles, variant de la diplomatie publique et de la promotion int\u00e9gr\u00e9e aux affaires consulaires, avec une attention particuli\u00e8re pour les questions politiques et de s\u00e9curit\u00e9.<\/p>\n<p>\u00c0 Rome, il a \u00e9t\u00e9 le premier fonctionnaire diplomatique \u00e0 la guide de la Division des biens \u00e0 double usage et, successivement, le premier Coordinateur pour les questions des sanctions.<\/p>\n<p>Il a pris la direction de l&rsquo;Ambassade d&rsquo;Italie \u00e0 Niamey le 25 septembre 2023.<\/p>\n<p>Auteur et \u00e9diteur de plusieurs publications sur la litt\u00e9rature, la diplomatie et la musique, il parle anglais, fran\u00e7ais, espagnol et russe avec quelques \u00e9l\u00e9ments d&rsquo;arabe.<\/p>\n","protected":false},"excerpt":{"rendered":"Dipl\u00f4m\u00e9 en Lettres\u00a0 modernes \u00e0 l\u2019\u00c9cole\u00a0 Normale Sup\u00e9rieure de Pise avec une th\u00e8se sur Montale et un ult\u00e9rieur Doctorat de Recherche en\u00a0 Italianistique, et dipl\u00f4m\u00e9 en piano aupr\u00e8s du Conservatoire de Lecce, Roberto Orlando a d\u00e9but\u00e9 sa carri\u00e8re diplomatique en 1998, s&rsquo;occupant \u00e0 plusieurs reprises de la Russie et des ex Pays sovi\u00e9tiques, ainsi que [&hellip;]","protected":false},"author":1,"featured_media":274,"parent":156,"menu_order":0,"comment_status":"closed","ping_status":"closed","template":"","meta":{"footnotes":""},"class_list":["post-174","page","type-page","status-publish","has-post-thumbnail","hentry"],"_links":{"self":[{"href":"https:\/\/ambniamey.esteri.it\/fr\/wp-json\/wp\/v2\/pages\/174","targetHints":{"allow":["GET"]}}],"collection":[{"href":"https:\/\/ambniamey.esteri.it\/fr\/wp-json\/wp\/v2\/pages"}],"about":[{"href":"https:\/\/ambniamey.esteri.it\/fr\/wp-json\/wp\/v2\/types\/page"}],"author":[{"embeddable":true,"href":"https:\/\/ambniamey.esteri.it\/fr\/wp-json\/wp\/v2\/users\/1"}],"replies":[{"embeddable":true,"href":"https:\/\/ambniamey.esteri.it\/fr\/wp-json\/wp\/v2\/comments?post=174"}],"version-history":[{"count":6,"href":"https:\/\/ambniamey.esteri.it\/fr\/wp-json\/wp\/v2\/pages\/174\/revisions"}],"predecessor-version":[{"id":670,"href":"https:\/\/ambniamey.esteri.it\/fr\/wp-json\/wp\/v2\/pages\/174\/revisions\/670"}],"up":[{"embeddable":true,"href":"https:\/\/ambniamey.esteri.it\/fr\/wp-json\/wp\/v2\/pages\/156"}],"wp:featuredmedia":[{"embeddable":true,"href":"https:\/\/ambniamey.esteri.it\/fr\/wp-json\/wp\/v2\/media\/274"}],"wp:attachment":[{"href":"https:\/\/ambniamey.esteri.it\/fr\/wp-json\/wp\/v2\/media?parent=174"}],"curies":[{"name":"wp","href":"https:\/\/api.w.org\/{rel}","templated":true}]}}