{"id":176,"date":"2023-04-11T18:01:19","date_gmt":"2023-04-11T17:01:19","guid":{"rendered":"https:\/\/ambniamey.esteri.it\/chi-siamo\/gli-uffici\/"},"modified":"2024-07-15T11:23:28","modified_gmt":"2024-07-15T10:23:28","slug":"gli-uffici","status":"publish","type":"page","link":"https:\/\/ambniamey.esteri.it\/fr\/chi-siamo\/gli-uffici\/","title":{"rendered":"Les bureaux"},"content":{"rendered":"<p>Les bureaux de l&rsquo;Ambassade d&rsquo;Italie \u00e0 Niamey sont ouverts au public du lundi au vendredi de 9h \u00e0 12h30.<\/p>\n<p>L&rsquo;entr\u00e9e est autoris\u00e9e uniquement sur rendez-vous \u00e0 prendre au +227 80061782.<\/p>\n<p>&nbsp;<\/p>\n<p><strong>CALENDRIER DES JOURS D\u00c9CLAR\u00c9S F\u00c9RI\u00c9S PAR L\u2019AMBASSADE POUR L\u2019ANN\u00c9E 2024<\/strong><\/p>\n<p>&nbsp;<\/p>\n<p>Lundi 01 janvier &#8211; Saint-Sylvestre<\/p>\n<p>Lundi 01 avril &#8211; Lundi de P\u00e2ques<\/p>\n<p>Mercredi 10 avril &#8211; Aid El Fitr (Ramadan)<\/p>\n<p>Jeudi 25 avril &#8211; Anniversaire de la Lib\u00e9ration<\/p>\n<p>Samedi 01 mai &#8211; F\u00eate du travail<\/p>\n<p>Dimanche 02 juin &#8211; F\u00eate de la R\u00e9publique italienne<\/p>\n<p>Dimanche 16 juin &#8211; Aid El Adha (Tabaski)<\/p>\n<p>Samedi 03 ao\u00fbt \u2013 F\u00eate de l&rsquo;Ind\u00e9pendance du Niger<\/p>\n<p>Jeudi 15 ao\u00fbt &#8211; Assomption<\/p>\n<p>Mercredi 18 d\u00e9cembre &#8211; F\u00eate de la R\u00e9publique du Niger<\/p>\n<p>Mercredi 25 d\u00e9cembre &#8211; No\u00ebl<\/p>\n","protected":false},"excerpt":{"rendered":"Les bureaux de l&rsquo;Ambassade d&rsquo;Italie \u00e0 Niamey sont ouverts au public du lundi au vendredi de 9h \u00e0 12h30. L&rsquo;entr\u00e9e est autoris\u00e9e uniquement sur rendez-vous \u00e0 prendre au +227 80061782. &nbsp; CALENDRIER DES JOURS D\u00c9CLAR\u00c9S F\u00c9RI\u00c9S PAR L\u2019AMBASSADE POUR L\u2019ANN\u00c9E 2024 &nbsp; Lundi 01 janvier &#8211; Saint-Sylvestre Lundi 01 avril &#8211; Lundi de P\u00e2ques Mercredi [&hellip;]","protected":false},"author":1,"featured_media":0,"parent":156,"menu_order":5,"comment_status":"closed","ping_status":"closed","template":"","meta":{"footnotes":""},"class_list":["post-176","page","type-page","status-publish","hentry"],"_links":{"self":[{"href":"https:\/\/ambniamey.esteri.it\/fr\/wp-json\/wp\/v2\/pages\/176","targetHints":{"allow":["GET"]}}],"collection":[{"href":"https:\/\/ambniamey.esteri.it\/fr\/wp-json\/wp\/v2\/pages"}],"about":[{"href":"https:\/\/ambniamey.esteri.it\/fr\/wp-json\/wp\/v2\/types\/page"}],"author":[{"embeddable":true,"href":"https:\/\/ambniamey.esteri.it\/fr\/wp-json\/wp\/v2\/users\/1"}],"replies":[{"embeddable":true,"href":"https:\/\/ambniamey.esteri.it\/fr\/wp-json\/wp\/v2\/comments?post=176"}],"version-history":[{"count":4,"href":"https:\/\/ambniamey.esteri.it\/fr\/wp-json\/wp\/v2\/pages\/176\/revisions"}],"predecessor-version":[{"id":1094,"href":"https:\/\/ambniamey.esteri.it\/fr\/wp-json\/wp\/v2\/pages\/176\/revisions\/1094"}],"up":[{"embeddable":true,"href":"https:\/\/ambniamey.esteri.it\/fr\/wp-json\/wp\/v2\/pages\/156"}],"wp:attachment":[{"href":"https:\/\/ambniamey.esteri.it\/fr\/wp-json\/wp\/v2\/media?parent=176"}],"curies":[{"name":"wp","href":"https:\/\/api.w.org\/{rel}","templated":true}]}}