{"id":177,"date":"2023-04-11T18:07:19","date_gmt":"2023-04-11T17:07:19","guid":{"rendered":"https:\/\/ambniamey.esteri.it\/chi-siamo\/numeri-di-emergenza\/"},"modified":"2023-11-03T14:50:11","modified_gmt":"2023-11-03T13:50:11","slug":"numeri-di-emergenza","status":"publish","type":"page","link":"https:\/\/ambniamey.esteri.it\/fr\/chi-siamo\/numeri-di-emergenza\/","title":{"rendered":"Num\u00e9ros d&rsquo;urgence"},"content":{"rendered":"<p>Le num\u00e9ro d\u2019urgence pour les compatriotes au Niger \u2013 \u00e0 appeler uniquement en cas d\u2019urgence \u2013 est le <strong>+227 80 09 66 60.<\/strong><\/p>\n<p>&nbsp;<\/p>\n<p><strong>Veuillez noter que l&rsquo;Ambassade d&rsquo;Italie au Niger ne fournit pas de services consulaires et ne d\u00e9livre pas de visas.<\/strong><\/p>\n<p>&nbsp;<\/p>\n<p>Pour toutes informations concernant les services consulaires et les visas, veuillez contacter l\u2019<a href=\"https:\/\/ambabidjan.esteri.it\/Ambasciata_Abidjan\/fr\/\"><strong>Ambassade d\u2019Italie \u00e0 Abidjan<\/strong><\/a>, qui est \u00e9galement comp\u00e9tente pour la circonscription territoriale nig\u00e9rienne.<\/p>\n","protected":false},"excerpt":{"rendered":"Le num\u00e9ro d\u2019urgence pour les compatriotes au Niger \u2013 \u00e0 appeler uniquement en cas d\u2019urgence \u2013 est le +227 80 09 66 60. &nbsp; Veuillez noter que l&rsquo;Ambassade d&rsquo;Italie au Niger ne fournit pas de services consulaires et ne d\u00e9livre pas de visas. &nbsp; Pour toutes informations concernant les services consulaires et les visas, veuillez [&hellip;]","protected":false},"author":1,"featured_media":0,"parent":156,"menu_order":6,"comment_status":"closed","ping_status":"closed","template":"","meta":{"footnotes":""},"class_list":["post-177","page","type-page","status-publish","hentry"],"_links":{"self":[{"href":"https:\/\/ambniamey.esteri.it\/fr\/wp-json\/wp\/v2\/pages\/177","targetHints":{"allow":["GET"]}}],"collection":[{"href":"https:\/\/ambniamey.esteri.it\/fr\/wp-json\/wp\/v2\/pages"}],"about":[{"href":"https:\/\/ambniamey.esteri.it\/fr\/wp-json\/wp\/v2\/types\/page"}],"author":[{"embeddable":true,"href":"https:\/\/ambniamey.esteri.it\/fr\/wp-json\/wp\/v2\/users\/1"}],"replies":[{"embeddable":true,"href":"https:\/\/ambniamey.esteri.it\/fr\/wp-json\/wp\/v2\/comments?post=177"}],"version-history":[{"count":3,"href":"https:\/\/ambniamey.esteri.it\/fr\/wp-json\/wp\/v2\/pages\/177\/revisions"}],"predecessor-version":[{"id":344,"href":"https:\/\/ambniamey.esteri.it\/fr\/wp-json\/wp\/v2\/pages\/177\/revisions\/344"}],"up":[{"embeddable":true,"href":"https:\/\/ambniamey.esteri.it\/fr\/wp-json\/wp\/v2\/pages\/156"}],"wp:attachment":[{"href":"https:\/\/ambniamey.esteri.it\/fr\/wp-json\/wp\/v2\/media?parent=177"}],"curies":[{"name":"wp","href":"https:\/\/api.w.org\/{rel}","templated":true}]}}