{"id":181,"date":"2023-04-11T17:08:57","date_gmt":"2023-04-11T16:08:57","guid":{"rendered":"https:\/\/ambniamey.esteri.it\/servizi-consolari-e-visti\/"},"modified":"2023-11-02T12:17:42","modified_gmt":"2023-11-02T11:17:42","slug":"servizi-consolari-e-visti","status":"publish","type":"page","link":"https:\/\/ambniamey.esteri.it\/fr\/servizi-consolari-e-visti\/","title":{"rendered":"Services consulaires et visas"},"content":{"rendered":"<p><img loading=\"lazy\" decoding=\"async\" class=\"alignnone wp-image-782 img-fluid\" src=\"https:\/\/ambniamey.esteri.it\/wp-content\/uploads\/2023\/11\/passaporto.jpg\" alt=\"\" width=\"200\" height=\"285\" \/> <img loading=\"lazy\" decoding=\"async\" class=\"alignnone wp-image-781 img-fluid\" src=\"https:\/\/ambniamey.esteri.it\/wp-content\/uploads\/2023\/11\/visto.jpg\" alt=\"\" width=\"450\" height=\"276\" \/><\/p>\n<p>L&rsquo;ambassade d&rsquo;Italie \u00e0 Niamey ne fournit pas de services consulaires ni de visas d&rsquo;entr\u00e9e pour l&rsquo;Italie.<\/p>\n<p>Veuillez-vous adresser \u00e0 l&rsquo;<a href=\"https:\/\/ambabidjan.esteri.it\/ambasciata_abidjan\/fr\/informazioni_e_servizi\/visti\/\">Ambassade d&rsquo;Italie \u00e0 Abidjan<\/a>.<\/p>\n","protected":false},"excerpt":{"rendered":"L&rsquo;ambassade d&rsquo;Italie \u00e0 Niamey ne fournit pas de services consulaires ni de visas d&rsquo;entr\u00e9e pour l&rsquo;Italie. Veuillez-vous adresser \u00e0 l&rsquo;Ambassade d&rsquo;Italie \u00e0 Abidjan.","protected":false},"author":1,"featured_media":0,"parent":0,"menu_order":6,"comment_status":"closed","ping_status":"closed","template":"","meta":{"footnotes":""},"class_list":["post-181","page","type-page","status-publish","hentry"],"_links":{"self":[{"href":"https:\/\/ambniamey.esteri.it\/fr\/wp-json\/wp\/v2\/pages\/181","targetHints":{"allow":["GET"]}}],"collection":[{"href":"https:\/\/ambniamey.esteri.it\/fr\/wp-json\/wp\/v2\/pages"}],"about":[{"href":"https:\/\/ambniamey.esteri.it\/fr\/wp-json\/wp\/v2\/types\/page"}],"author":[{"embeddable":true,"href":"https:\/\/ambniamey.esteri.it\/fr\/wp-json\/wp\/v2\/users\/1"}],"replies":[{"embeddable":true,"href":"https:\/\/ambniamey.esteri.it\/fr\/wp-json\/wp\/v2\/comments?post=181"}],"version-history":[{"count":6,"href":"https:\/\/ambniamey.esteri.it\/fr\/wp-json\/wp\/v2\/pages\/181\/revisions"}],"predecessor-version":[{"id":800,"href":"https:\/\/ambniamey.esteri.it\/fr\/wp-json\/wp\/v2\/pages\/181\/revisions\/800"}],"wp:attachment":[{"href":"https:\/\/ambniamey.esteri.it\/fr\/wp-json\/wp\/v2\/media?parent=181"}],"curies":[{"name":"wp","href":"https:\/\/api.w.org\/{rel}","templated":true}]}}