{"id":182,"date":"2023-04-11T18:12:24","date_gmt":"2023-04-11T17:12:24","guid":{"rendered":"https:\/\/ambniamey.esteri.it\/servizi-consolari-e-visti\/servizi-per-il-cittadino-italiano\/"},"modified":"2023-11-02T12:14:08","modified_gmt":"2023-11-02T11:14:08","slug":"servizi-per-il-cittadino-italiano","status":"publish","type":"page","link":"https:\/\/ambniamey.esteri.it\/fr\/servizi-consolari-e-visti\/servizi-per-il-cittadino-italiano\/","title":{"rendered":"Services pour le citoyen italien"},"content":{"rendered":"<p>Pour les pratiques li\u00e9es \u00e0 l&rsquo;inscription ou \u00e0 la modification \u00e0 l&rsquo;AIRE \/ \u00e0 la transmission des actes d&rsquo;\u00e9tat civil et pour les prestations relatives aux compatriotes inscrits \u00e0 l&rsquo;AIRE r\u00e9sidants au Niger, veuillez-vous adresser \u00e0 l&rsquo;<a href=\"https:\/\/ambabidjan.esteri.it\/ambasciata_abidjan\/fr\/informazioni_e_servizi\/visti\/\">Ambassade d&rsquo;Italie \u00e0 Abidjan<\/a><a href=\"https:\/\/ambabidjan.esteri.it\/ambasciata_abidjan\/fr\/informazioni_e_servizi\/visti\/\">.<\/a><\/p>\n","protected":false},"excerpt":{"rendered":"Pour les pratiques li\u00e9es \u00e0 l&rsquo;inscription ou \u00e0 la modification \u00e0 l&rsquo;AIRE \/ \u00e0 la transmission des actes d&rsquo;\u00e9tat civil et pour les prestations relatives aux compatriotes inscrits \u00e0 l&rsquo;AIRE r\u00e9sidants au Niger, veuillez-vous adresser \u00e0 l&rsquo;Ambassade d&rsquo;Italie \u00e0 Abidjan.","protected":false},"author":1,"featured_media":0,"parent":181,"menu_order":0,"comment_status":"closed","ping_status":"closed","template":"","meta":{"footnotes":""},"class_list":["post-182","page","type-page","status-publish","hentry"],"_links":{"self":[{"href":"https:\/\/ambniamey.esteri.it\/fr\/wp-json\/wp\/v2\/pages\/182","targetHints":{"allow":["GET"]}}],"collection":[{"href":"https:\/\/ambniamey.esteri.it\/fr\/wp-json\/wp\/v2\/pages"}],"about":[{"href":"https:\/\/ambniamey.esteri.it\/fr\/wp-json\/wp\/v2\/types\/page"}],"author":[{"embeddable":true,"href":"https:\/\/ambniamey.esteri.it\/fr\/wp-json\/wp\/v2\/users\/1"}],"replies":[{"embeddable":true,"href":"https:\/\/ambniamey.esteri.it\/fr\/wp-json\/wp\/v2\/comments?post=182"}],"version-history":[{"count":6,"href":"https:\/\/ambniamey.esteri.it\/fr\/wp-json\/wp\/v2\/pages\/182\/revisions"}],"predecessor-version":[{"id":796,"href":"https:\/\/ambniamey.esteri.it\/fr\/wp-json\/wp\/v2\/pages\/182\/revisions\/796"}],"up":[{"embeddable":true,"href":"https:\/\/ambniamey.esteri.it\/fr\/wp-json\/wp\/v2\/pages\/181"}],"wp:attachment":[{"href":"https:\/\/ambniamey.esteri.it\/fr\/wp-json\/wp\/v2\/media?parent=182"}],"curies":[{"name":"wp","href":"https:\/\/api.w.org\/{rel}","templated":true}]}}