{"id":195,"date":"2023-04-11T18:12:44","date_gmt":"2023-04-11T17:12:44","guid":{"rendered":"https:\/\/ambniamey.esteri.it\/servizi-consolari-e-visti\/servizi-per-il-cittadino-straniero\/"},"modified":"2023-11-02T16:19:38","modified_gmt":"2023-11-02T15:19:38","slug":"servizi-per-il-cittadino-straniero","status":"publish","type":"page","link":"https:\/\/ambniamey.esteri.it\/fr\/servizi-consolari-e-visti\/servizi-per-il-cittadino-straniero\/","title":{"rendered":"Services aux citoyens \u00e9trangers"},"content":{"rendered":"<div class=\"entry-content\">\n<p>Pour la d\u00e9livrance des visas d&rsquo;entr\u00e9e pour l&rsquo;Italie, les proc\u00e9dures relatives \u00e0 la demande de citoyennet\u00e9, la traduction et la l\u00e9galisation des documents, veuillez-vous adresser \u00e0 l&rsquo;<a href=\"https:\/\/ambabidjan.esteri.it\/ambasciata_abidjan\/fr\/informazioni_e_servizi\/visti\/\">Ambassade d&rsquo;Italie \u00e0 Abidjan<\/a>.<\/p>\n<p>Un accord est actuellement en vigueur entre l&rsquo;Italie et le Niger pour la suspension des visas sur les passeports diplomatiques et de services pour les courts s\u00e9jours (90 jours sur 6 mois).<\/p>\n<\/div>\n","protected":false},"excerpt":{"rendered":"Pour la d\u00e9livrance des visas d&rsquo;entr\u00e9e pour l&rsquo;Italie, les proc\u00e9dures relatives \u00e0 la demande de citoyennet\u00e9, la traduction et la l\u00e9galisation des documents, veuillez-vous adresser \u00e0 l&rsquo;Ambassade d&rsquo;Italie \u00e0 Abidjan. Un accord est actuellement en vigueur entre l&rsquo;Italie et le Niger pour la suspension des visas sur les passeports diplomatiques et de services pour les [&hellip;]","protected":false},"author":1,"featured_media":0,"parent":181,"menu_order":2,"comment_status":"closed","ping_status":"closed","template":"","meta":{"footnotes":""},"class_list":["post-195","page","type-page","status-publish","hentry"],"_links":{"self":[{"href":"https:\/\/ambniamey.esteri.it\/fr\/wp-json\/wp\/v2\/pages\/195","targetHints":{"allow":["GET"]}}],"collection":[{"href":"https:\/\/ambniamey.esteri.it\/fr\/wp-json\/wp\/v2\/pages"}],"about":[{"href":"https:\/\/ambniamey.esteri.it\/fr\/wp-json\/wp\/v2\/types\/page"}],"author":[{"embeddable":true,"href":"https:\/\/ambniamey.esteri.it\/fr\/wp-json\/wp\/v2\/users\/1"}],"replies":[{"embeddable":true,"href":"https:\/\/ambniamey.esteri.it\/fr\/wp-json\/wp\/v2\/comments?post=195"}],"version-history":[{"count":6,"href":"https:\/\/ambniamey.esteri.it\/fr\/wp-json\/wp\/v2\/pages\/195\/revisions"}],"predecessor-version":[{"id":810,"href":"https:\/\/ambniamey.esteri.it\/fr\/wp-json\/wp\/v2\/pages\/195\/revisions\/810"}],"up":[{"embeddable":true,"href":"https:\/\/ambniamey.esteri.it\/fr\/wp-json\/wp\/v2\/pages\/181"}],"wp:attachment":[{"href":"https:\/\/ambniamey.esteri.it\/fr\/wp-json\/wp\/v2\/media?parent=195"}],"curies":[{"name":"wp","href":"https:\/\/api.w.org\/{rel}","templated":true}]}}