{"id":201,"date":"2023-04-11T17:48:10","date_gmt":"2023-04-11T16:48:10","guid":{"rendered":"https:\/\/ambniamey.esteri.it\/amministrazione-trasparente\/"},"modified":"2023-11-03T12:37:13","modified_gmt":"2023-11-03T11:37:13","slug":"amministrazione-trasparente","status":"publish","type":"page","link":"https:\/\/ambniamey.esteri.it\/fr\/amministrazione-trasparente\/","title":{"rendered":"Administration transparente"},"content":{"rendered":"<p><strong>Administration Transparente<\/strong><\/p>\n<p>Les bureaux diplomatiques et consulaires \u00e0 l&rsquo;\u00e9tranger sont des branches p\u00e9riph\u00e9riques du Minist\u00e8re des Affaires Etrang\u00e8res et de la Coop\u00e9ration Internationale, qui assure la transparence de ses donn\u00e9es par le biais de la section <a href=\"https:\/\/www.esteri.it\/it\/trasparenza_comunicazioni_legali\/\">\u00ab\u00a0administration transparente\u00a0\u00bb de son site web.<\/a> La plupart des rubriques de cette page renvoient aux rubriques correspondantes du site de l&rsquo;administration centrale.<\/p>\n<p><strong>Pour plus d&rsquo;informations, veuillez consulter le site de l&rsquo;Autorit\u00e9 nationale anticorruption <a href=\"https:\/\/www.anticorruzione.it\/\">(ANAC).<\/a><\/strong><\/p>\n<ul>\n<li><a href=\"https:\/\/www.esteri.it\/it\/trasparenza_comunicazioni_legali\/disposizioni_generali\">Dispositions g\u00e9n\u00e9rales<\/a><\/li>\n<li><a href=\"https:\/\/ambniamey.esteri.it\/it\/chi-siamo\/gli-uffici\/\">Organisation<\/a><\/li>\n<li><a href=\"https:\/\/ambniamey.esteri.it\/it\/chi-siamo\/gli-uffici\/\">Organisation des bureaux (art. 13, c. 1, lett. b, c)<\/a><\/li>\n<li><a href=\"https:\/\/ambniamey.esteri.it\/it\/chi-siamo\/contatti\/\">T\u00e9l\u00e9phone et courrier \u00e9lectronique (Art. 13, c. 1, lett. d)<\/a><\/li>\n<li><a href=\"https:\/\/ambniamey.esteri.it\/it\/amministrazione-trasparente\/consulenti-e-collaboratori\/\">Consultants et collaborateurs (art. 15, c. 1, 2)<\/a><\/li>\n<li><a href=\"https:\/\/www.esteri.it\/it\/trasparenza_comunicazioni_legali\/personale\">Personnel<\/a><\/li>\n<li><a href=\"https:\/\/ambniamey.esteri.it\/it\/amministrazione-trasparente\/bandi-di-concorso\/\">Avis de concours (art. 19)<\/a><\/li>\n<li><a href=\"https:\/\/www.esteri.it\/it\/trasparenza_comunicazioni_legali\/Performance\/\">Ex\u00e9cution<\/a><\/li>\n<li><a href=\"https:\/\/www.esteri.it\/it\/trasparenza_comunicazioni_legali\/Enti_controllati\/\">Entit\u00e9s contr\u00f4l\u00e9es<\/a><\/li>\n<li><a href=\"https:\/\/www.esteri.it\/it\/trasparenza_comunicazioni_legali\/attivita_e_procedimenti\">Activit\u00e9s et proc\u00e9dures<\/a><\/li>\n<li><a href=\"https:\/\/ambniamey.esteri.it\/it\/amministrazione-trasparente\/tipologie-di-procedimento\/\">Types de proc\u00e9dures (art. 35, par. 1, 2)<\/a><\/li>\n<li><a href=\"https:\/\/www.esteri.it\/it\/trasparenza_comunicazioni_legali\/provvedimenti\">\u00a0Mesures<\/a><\/li>\n<li><a href=\"https:\/\/www.esteri.it\/it\/trasparenza_comunicazioni_legali\/controlli-sulle-imprese\">Contr\u00f4le des entreprises<\/a><\/li>\n<li><a href=\"https:\/\/ambniamey.esteri.it\/it\/amministrazione-trasparente\/bandi-di-gara-e-contratti\/\">Appels d&rsquo;offres et march\u00e9s (art. 37)<\/a><\/li>\n<li><a href=\"https:\/\/www.esteri.it\/it\/trasparenza_comunicazioni_legali\/bandi-gara-contratti\/informazioni-sulle-singole-procedure\">Informations sur les proc\u00e9dures individuelles sous forme de tableaux<\/a><\/li>\n<li><a href=\"https:\/\/ambniamey.esteri.it\/it\/amministrazione-trasparente\/sovvenzioni-contributi-sussidi-vantaggi-economici\/\">Primes, contributions, subventions, avantages \u00e9conomiques (ex art. 26 et 27)<\/a><\/li>\n<li><a href=\"https:\/\/www.esteri.it\/it\/trasparenza_comunicazioni_legali\/bilanci\">\u00a0Budgets<\/a><\/li>\n<li><a href=\"https:\/\/www.esteri.it\/it\/trasparenza_comunicazioni_legali\/bilancio-trasparente\">Budget transparent<\/a><\/li>\n<li><a href=\"https:\/\/www.esteri.it\/it\/trasparenza_comunicazioni_legali\/beni_immobili_gestione_patrimonio\">Gestion des biens immobiliers et du patrimoine<\/a><\/li>\n<li><a href=\"https:\/\/www.esteri.it\/it\/trasparenza_comunicazioni_legali\/controlli-e-rilievi-sull-amministrazione\">Contr\u00f4les et remarques sur l&rsquo;administration<\/a><\/li>\n<li><a href=\"https:\/\/www.esteri.it\/it\/trasparenza_comunicazioni_legali\/servizi_erogati\">Services fournis<\/a><\/li>\n<li><a href=\"https:\/\/www.esteri.it\/it\/trasparenza_comunicazioni_legali\/pagamenti%20amministrazione\">Paiements de l&rsquo;administration<\/a><\/li>\n<li><a href=\"https:\/\/www.esteri.it\/it\/trasparenza_comunicazioni_legali\/opere-pubbliche\">Travaux publics<\/a><\/li>\n<li><a href=\"https:\/\/www.esteri.it\/it\/trasparenza_comunicazioni_legali\/pianificazione_governo_territorio\">Am\u00e9nagement du territoire et gouvernance<\/a><\/li>\n<li><a href=\"https:\/\/www.esteri.it\/it\/trasparenza_comunicazioni_legali\/informazioni_ambientali\">Information sur l&rsquo;environnement<\/a><\/li>\n<li><a href=\"https:\/\/www.esteri.it\/it\/trasparenza_comunicazioni_legali\/interventi-straordinari-emergenza\">Interventions d&rsquo;urgence extraordinaires<\/a><\/li>\n<li><a href=\"https:\/\/www.esteri.it\/it\/trasparenza_comunicazioni_legali\/altri-contenuti-canale\">Autres contenus<\/a><\/li>\n<\/ul>\n<p>&nbsp;<\/p>\n","protected":false},"excerpt":{"rendered":"Administration Transparente Les bureaux diplomatiques et consulaires \u00e0 l&rsquo;\u00e9tranger sont des branches p\u00e9riph\u00e9riques du Minist\u00e8re des Affaires Etrang\u00e8res et de la Coop\u00e9ration Internationale, qui assure la transparence de ses donn\u00e9es par le biais de la section \u00ab\u00a0administration transparente\u00a0\u00bb de son site web. La plupart des rubriques de cette page renvoient aux rubriques correspondantes du site [&hellip;]","protected":false},"author":1,"featured_media":0,"parent":0,"menu_order":10,"comment_status":"closed","ping_status":"closed","template":"","meta":{"footnotes":""},"class_list":["post-201","page","type-page","status-publish","hentry"],"_links":{"self":[{"href":"https:\/\/ambniamey.esteri.it\/fr\/wp-json\/wp\/v2\/pages\/201","targetHints":{"allow":["GET"]}}],"collection":[{"href":"https:\/\/ambniamey.esteri.it\/fr\/wp-json\/wp\/v2\/pages"}],"about":[{"href":"https:\/\/ambniamey.esteri.it\/fr\/wp-json\/wp\/v2\/types\/page"}],"author":[{"embeddable":true,"href":"https:\/\/ambniamey.esteri.it\/fr\/wp-json\/wp\/v2\/users\/1"}],"replies":[{"embeddable":true,"href":"https:\/\/ambniamey.esteri.it\/fr\/wp-json\/wp\/v2\/comments?post=201"}],"version-history":[{"count":4,"href":"https:\/\/ambniamey.esteri.it\/fr\/wp-json\/wp\/v2\/pages\/201\/revisions"}],"predecessor-version":[{"id":813,"href":"https:\/\/ambniamey.esteri.it\/fr\/wp-json\/wp\/v2\/pages\/201\/revisions\/813"}],"wp:attachment":[{"href":"https:\/\/ambniamey.esteri.it\/fr\/wp-json\/wp\/v2\/media?parent=201"}],"curies":[{"name":"wp","href":"https:\/\/api.w.org\/{rel}","templated":true}]}}