{"id":307,"date":"2023-09-22T13:44:53","date_gmt":"2023-09-22T12:44:53","guid":{"rendered":"https:\/\/ambniamey.esteri.it\/news\/dall_ambasciata\/ai-connazionali-presenti-in-niger\/"},"modified":"2023-09-25T12:17:46","modified_gmt":"2023-09-25T11:17:46","slug":"ai-connazionali-presenti-in-niger","status":"publish","type":"page","link":"https:\/\/ambniamey.esteri.it\/fr\/news\/dall_ambasciata\/ai-connazionali-presenti-in-niger\/","title":{"rendered":"\u00c0 nos Compatriotes pr\u00e9sents au Niger"},"content":{"rendered":"<p>Cher(e) compatriote,<\/p>\n<p>Cette page contient des informations utiles concernant votre pr\u00e9sence au Niger.<\/p>\n<p>Nous vous invitons \u00e0 la lire attentivement.<\/p>\n<p>&nbsp;<\/p>\n<p>&nbsp;<\/p>\n<p><strong>PROTECTION DES COMPATRIOTES \u00c0 L&rsquo;\u00c9TRANGER<\/strong><\/p>\n<p>&nbsp;<\/p>\n<p>L\u2019<a href=\"https:\/\/www.esteri.it\/it\/unita_crisi\/\"><strong>Unit\u00e9 de crise de la Farnesina<\/strong><\/a> est la structure du Minist\u00e8re des Affaires \u00c9trang\u00e8res et de la Coop\u00e9ration Internationale qui a pour mission d&rsquo;assister les compatriotes et de prot\u00e9ger les int\u00e9r\u00eats italiens dans les situations de crise \u00e0 l&rsquo;\u00e9trange<\/p>\n<p>L\u2019Unit\u00e9\u00a0 de crise agit en coordination avec l&rsquo;Ambassade, sur la base de protocoles op\u00e9rationnels et d&rsquo;informations actualis\u00e9es, en tenant compte de la pr\u00e9sence italienne dans le pays.<\/p>\n<p>&nbsp;<\/p>\n<p><strong>\u00a0<\/strong><\/p>\n<p><strong>AVERTISSEMENT<\/strong><\/p>\n<p>&nbsp;<\/p>\n<p><strong>Il est d\u00e9conseill\u00e9 de se rendre au Niger, \u00e0 quelque titre que ce soit.<\/strong><\/p>\n<p>Il est recommand\u00e9 &#8211; \u00e0 ceux qui d\u00e9cident librement, sous leur propre responsabilit\u00e9, de se rendre dans le Pays &#8211; de stipuler, avant le d\u00e9part, une <strong>police d&rsquo;assurance<\/strong> qui pr\u00e9voit la couverture des frais m\u00e9dicaux et l&rsquo;\u00e9ventuel rapatriement du patient par voie a\u00e9rienne.<\/p>\n<p>Pour de plus amples informations, veuillez consulter la <strong>fiche Pays<\/strong> disponible, \u00e9galement en format pdf, sur <a href=\"https:\/\/www.viaggiaresicuri.it\/home\"><strong>VIAGGIARE SICURI<\/strong><\/a><\/p>\n<p>&nbsp;<\/p>\n<p>&nbsp;<\/p>\n<p><strong>INFORMATIONS PRATIQUES<\/strong><\/p>\n<p>&nbsp;<\/p>\n<p><strong>Vous devez venir ou vous \u00eates temporairement au Niger ?<\/strong><\/p>\n<ol>\n<li>INFORMEZ-VOUS SUR <a href=\"https:\/\/www.viaggiaresicuri.it\/home\"><strong>VIAGGIARE SICURI<\/strong><\/a><\/li>\n<li>SIGNALEZ VOTRE PR\u00c9SENCE SUR \u201c<a href=\"https:\/\/www.dovesiamonelmondo.it\/home.html\"><strong>DOVE SIAMO NEL MONDO<\/strong><\/a>\u201d<\/li>\n<li>CONTACTEZ <strong>L&rsquo;AMBASSADE D&rsquo;ITALIE \u00e0 NIAMEY<\/strong> (par message WhatsApp sur le <strong>t\u00e9l\u00e9phone portable d&rsquo;urgence +227 80 09 66 60<\/strong>)<\/li>\n<\/ol>\n<p>&nbsp;<\/p>\n<p><strong>\u00cates-vous r\u00e9sident au Niger ?<\/strong><\/p>\n<ol>\n<li>RENSEIGNEZ-VOUS SUR <a href=\"https:\/\/www.viaggiaresicuri.it\/home\"><strong>VIAGGIARE SICURI<\/strong><\/a><\/li>\n<li>INSCRIVEZ-VOUS AUPR\u00c8S DE L&rsquo;<strong>AIRE*<\/strong><\/li>\n<li>CONTACTEZ <strong>L&rsquo;AMBASSADE D&rsquo;ITALIE \u00e0 NIAMEY<\/strong> (par message WhatsApp sur le<strong> t\u00e9l\u00e9phone portable d&rsquo;urgence +227 80 09 66 60<\/strong>)<\/li>\n<\/ol>\n<p>&nbsp;<\/p>\n<p>* Pour vous inscrire aupr\u00e8s de l&rsquo;AIRE, contactez l\u2019<a href=\"https:\/\/ambabidjan.esteri.it\/Ambasciata_Abidjan\/fr\/\"><strong>Ambassade d\u2019Italie \u00e0 Abidjan<\/strong><\/a> qui est \u00e9galement responsable de la circonscription territoriale nig\u00e9rienne.<\/p>\n","protected":false},"excerpt":{"rendered":"Cher(e) compatriote, Cette page contient des informations utiles concernant votre pr\u00e9sence au Niger. Nous vous invitons \u00e0 la lire attentivement. &nbsp; &nbsp; PROTECTION DES COMPATRIOTES \u00c0 L&rsquo;\u00c9TRANGER &nbsp; L\u2019Unit\u00e9 de crise de la Farnesina est la structure du Minist\u00e8re des Affaires \u00c9trang\u00e8res et de la Coop\u00e9ration Internationale qui a pour mission d&rsquo;assister les compatriotes et [&hellip;]","protected":false},"author":4,"featured_media":0,"parent":199,"menu_order":2,"comment_status":"closed","ping_status":"closed","template":"","meta":{"footnotes":""},"class_list":["post-307","page","type-page","status-publish","hentry"],"_links":{"self":[{"href":"https:\/\/ambniamey.esteri.it\/fr\/wp-json\/wp\/v2\/pages\/307","targetHints":{"allow":["GET"]}}],"collection":[{"href":"https:\/\/ambniamey.esteri.it\/fr\/wp-json\/wp\/v2\/pages"}],"about":[{"href":"https:\/\/ambniamey.esteri.it\/fr\/wp-json\/wp\/v2\/types\/page"}],"author":[{"embeddable":true,"href":"https:\/\/ambniamey.esteri.it\/fr\/wp-json\/wp\/v2\/users\/4"}],"replies":[{"embeddable":true,"href":"https:\/\/ambniamey.esteri.it\/fr\/wp-json\/wp\/v2\/comments?post=307"}],"version-history":[{"count":2,"href":"https:\/\/ambniamey.esteri.it\/fr\/wp-json\/wp\/v2\/pages\/307\/revisions"}],"predecessor-version":[{"id":348,"href":"https:\/\/ambniamey.esteri.it\/fr\/wp-json\/wp\/v2\/pages\/307\/revisions\/348"}],"up":[{"embeddable":true,"href":"https:\/\/ambniamey.esteri.it\/fr\/wp-json\/wp\/v2\/pages\/199"}],"wp:attachment":[{"href":"https:\/\/ambniamey.esteri.it\/fr\/wp-json\/wp\/v2\/media?parent=307"}],"curies":[{"name":"wp","href":"https:\/\/api.w.org\/{rel}","templated":true}]}}