{"id":311,"date":"2023-09-22T13:51:16","date_gmt":"2023-09-22T12:51:16","guid":{"rendered":"https:\/\/ambniamey.esteri.it\/chi-siamo\/lambasciatore\/il-messaggio-dellambasciatore\/"},"modified":"2023-09-25T11:28:28","modified_gmt":"2023-09-25T10:28:28","slug":"il-messaggio-dellambasciatore","status":"publish","type":"page","link":"https:\/\/ambniamey.esteri.it\/fr\/chi-siamo\/lambasciatore\/il-messaggio-dellambasciatore\/","title":{"rendered":"Message"},"content":{"rendered":"<p>En ce jour o\u00f9 j&rsquo;entame mon mandat au Niger, je voudrais adresser mes chaleureuses salutations \u00e0 tous les compatriotes r\u00e9sidents, \u00e0 tous les acteurs du Syst\u00e8me Local Italien et aux Autorit\u00e9s du Pays qui nous accueille.<\/p>\n<p>En ce moment particuli\u00e8rement complexe, je tiens \u00e0 souligner que l&rsquo;Ambassade d&rsquo;Italie est pleinement op\u00e9rationnelle et continuera \u00e0 fournir assistance \u00e0 nos compatriotes encore pr\u00e9sents au Niger et \u00e0 d\u00e9fendre les int\u00e9r\u00eats italiens, en soutien \u00e0 l&rsquo;action du Gouvernement, pour une r\u00e9solution n\u00e9goci\u00e9e de l\u2019actuelle crise politique et en promouvant la stabilit\u00e9, l&rsquo;\u00c9tat de droit et la d\u00e9mocratie, en coop\u00e9ration \u00e9galement avec les partenaires africains et les organismes multilat\u00e9raux r\u00e9gionaux.<\/p>\n<p>Le Niger reste central pour notre s\u00e9curit\u00e9, la lutte contre le terrorisme et l&rsquo;immigration clandestine. L&rsquo;Italie a investi consid\u00e9rablement pour \u00a0sa stabilit\u00e9 et son d\u00e9veloppement: nous continuons \u00e0 travailler aux c\u00f4t\u00e9s de la population.<\/p>\n<p>&nbsp;<\/p>\n<p><em>Roberto Orlando\u00a0 <\/em><\/p>\n","protected":false},"excerpt":{"rendered":"En ce jour o\u00f9 j&rsquo;entame mon mandat au Niger, je voudrais adresser mes chaleureuses salutations \u00e0 tous les compatriotes r\u00e9sidents, \u00e0 tous les acteurs du Syst\u00e8me Local Italien et aux Autorit\u00e9s du Pays qui nous accueille. En ce moment particuli\u00e8rement complexe, je tiens \u00e0 souligner que l&rsquo;Ambassade d&rsquo;Italie est pleinement op\u00e9rationnelle et continuera \u00e0 fournir [&hellip;]","protected":false},"author":4,"featured_media":0,"parent":174,"menu_order":0,"comment_status":"closed","ping_status":"closed","template":"","meta":{"footnotes":""},"class_list":["post-311","page","type-page","status-publish","hentry"],"_links":{"self":[{"href":"https:\/\/ambniamey.esteri.it\/fr\/wp-json\/wp\/v2\/pages\/311","targetHints":{"allow":["GET"]}}],"collection":[{"href":"https:\/\/ambniamey.esteri.it\/fr\/wp-json\/wp\/v2\/pages"}],"about":[{"href":"https:\/\/ambniamey.esteri.it\/fr\/wp-json\/wp\/v2\/types\/page"}],"author":[{"embeddable":true,"href":"https:\/\/ambniamey.esteri.it\/fr\/wp-json\/wp\/v2\/users\/4"}],"replies":[{"embeddable":true,"href":"https:\/\/ambniamey.esteri.it\/fr\/wp-json\/wp\/v2\/comments?post=311"}],"version-history":[{"count":4,"href":"https:\/\/ambniamey.esteri.it\/fr\/wp-json\/wp\/v2\/pages\/311\/revisions"}],"predecessor-version":[{"id":343,"href":"https:\/\/ambniamey.esteri.it\/fr\/wp-json\/wp\/v2\/pages\/311\/revisions\/343"}],"up":[{"embeddable":true,"href":"https:\/\/ambniamey.esteri.it\/fr\/wp-json\/wp\/v2\/pages\/174"}],"wp:attachment":[{"href":"https:\/\/ambniamey.esteri.it\/fr\/wp-json\/wp\/v2\/media?parent=311"}],"curies":[{"name":"wp","href":"https:\/\/api.w.org\/{rel}","templated":true}]}}