{"id":678,"date":"2023-10-23T13:14:50","date_gmt":"2023-10-23T12:14:50","guid":{"rendered":"https:\/\/ambniamey.esteri.it\/italia-e-niger\/rapporti-politici\/"},"modified":"2025-03-10T12:32:32","modified_gmt":"2025-03-10T11:32:32","slug":"rapporti-politici","status":"publish","type":"page","link":"https:\/\/ambniamey.esteri.it\/fr\/italia-e-niger\/rapporti-politici\/","title":{"rendered":"Relations politiques"},"content":{"rendered":"<h2><strong>\u00a0 Italie et Niger<\/strong><\/h2>\n<p>&nbsp;<\/p>\n<p><img loading=\"lazy\" decoding=\"async\" class=\"alignnone wp-image-1283 img-fluid\" src=\"https:\/\/ambniamey.esteri.it\/wp-content\/uploads\/2024\/10\/download.jpg\" alt=\"\" width=\"473\" height=\"249\" srcset=\"https:\/\/ambniamey.esteri.it\/wp-content\/uploads\/2024\/10\/download.jpg 310w, https:\/\/ambniamey.esteri.it\/wp-content\/uploads\/2024\/10\/download-300x158.jpg 300w\" sizes=\"auto, (max-width: 473px) 100vw, 473px\" \/><\/p>\n<p>Au fil des ann\u00e9es, l&rsquo;Italie a investi de mani\u00e8re significative au Niger, avec l&rsquo;engagement de renforcer le dialogue politique, de collaborer sur les questions de s\u00e9curit\u00e9, de soutenir le d\u00e9veloppement du pays et de promouvoir les opportunit\u00e9s \u00e9conomiques.<\/p>\n<p>L&rsquo;ouverture de l&rsquo;ambassade d&rsquo;Italie \u00e0 Niamey en 2017 a \u00e9t\u00e9 suivie par le lancement de la mission <a href=\"https:\/\/www.difesa.it\/operazionimilitari\/op-intern-corso\/niger-missione-bilaterale-supporto\/default\/28246.html\">MISIN (Mission bilat\u00e9rale de soutien au Niger)<\/a> d\u00e9but 2018 et l&rsquo;ouverture de l&rsquo;Attachement Militaire. Enfin, en 2023, le Bureau <a href=\"https:\/\/niamey.aics.gov.it\/fr\/\">Ufficio AICS a Niamey<\/a> a \u00e9t\u00e9 ouvert \u00e0 Niamey.<\/p>\n<p>L&rsquo;Italie est engag\u00e9e au Niger dans des projets de coop\u00e9ration dans les domaines <a href=\"https:\/\/ambniamey.esteri.it\/fr\/italia-e-niger\/rapporti-politici\/cooperazione-in-materia-di-sicurezza-e-difesa\/\">de la d\u00e9fense, de la s\u00e9curit\u00e9<\/a> et <a href=\"https:\/\/ambniamey.esteri.it\/fr\/italia-e-niger\/rapporti-politici\/cooperazione-in-materia-migratoria\/\">de la migration<\/a>.<\/p>\n","protected":false},"excerpt":{"rendered":"\u00a0 Italie et Niger &nbsp; Au fil des ann\u00e9es, l&rsquo;Italie a investi de mani\u00e8re significative au Niger, avec l&rsquo;engagement de renforcer le dialogue politique, de collaborer sur les questions de s\u00e9curit\u00e9, de soutenir le d\u00e9veloppement du pays et de promouvoir les opportunit\u00e9s \u00e9conomiques. L&rsquo;ouverture de l&rsquo;ambassade d&rsquo;Italie \u00e0 Niamey en 2017 a \u00e9t\u00e9 suivie par [&hellip;]","protected":false},"author":1,"featured_media":0,"parent":179,"menu_order":0,"comment_status":"closed","ping_status":"closed","template":"","meta":{"footnotes":""},"class_list":["post-678","page","type-page","status-publish","hentry"],"_links":{"self":[{"href":"https:\/\/ambniamey.esteri.it\/fr\/wp-json\/wp\/v2\/pages\/678","targetHints":{"allow":["GET"]}}],"collection":[{"href":"https:\/\/ambniamey.esteri.it\/fr\/wp-json\/wp\/v2\/pages"}],"about":[{"href":"https:\/\/ambniamey.esteri.it\/fr\/wp-json\/wp\/v2\/types\/page"}],"author":[{"embeddable":true,"href":"https:\/\/ambniamey.esteri.it\/fr\/wp-json\/wp\/v2\/users\/1"}],"replies":[{"embeddable":true,"href":"https:\/\/ambniamey.esteri.it\/fr\/wp-json\/wp\/v2\/comments?post=678"}],"version-history":[{"count":6,"href":"https:\/\/ambniamey.esteri.it\/fr\/wp-json\/wp\/v2\/pages\/678\/revisions"}],"predecessor-version":[{"id":1596,"href":"https:\/\/ambniamey.esteri.it\/fr\/wp-json\/wp\/v2\/pages\/678\/revisions\/1596"}],"up":[{"embeddable":true,"href":"https:\/\/ambniamey.esteri.it\/fr\/wp-json\/wp\/v2\/pages\/179"}],"wp:attachment":[{"href":"https:\/\/ambniamey.esteri.it\/fr\/wp-json\/wp\/v2\/media?parent=678"}],"curies":[{"name":"wp","href":"https:\/\/api.w.org\/{rel}","templated":true}]}}