{"id":685,"date":"2023-10-23T13:33:50","date_gmt":"2023-10-23T12:33:50","guid":{"rendered":"https:\/\/ambniamey.esteri.it\/italia-e-niger\/rapporti-politici\/cooperazione-in-materia-di-sicurezza-e-difesa\/"},"modified":"2023-11-02T12:00:35","modified_gmt":"2023-11-02T11:00:35","slug":"cooperazione-in-materia-di-sicurezza-e-difesa","status":"publish","type":"page","link":"https:\/\/ambniamey.esteri.it\/fr\/italia-e-niger\/rapporti-politici\/cooperazione-in-materia-di-sicurezza-e-difesa\/","title":{"rendered":"Coop\u00e9ration en mati\u00e8re de s\u00e9curit\u00e9 et de d\u00e9fense"},"content":{"rendered":"<figure id=\"attachment_683\" aria-describedby=\"caption-attachment-683\" style=\"width: 855px\" class=\"wp-caption alignnone\"><img loading=\"lazy\" decoding=\"async\" class=\" wp-image-683 img-fluid\" src=\"https:\/\/ambniamey.esteri.it\/wp-content\/uploads\/2023\/10\/MISIN-300x200.jpg\" alt=\"Formazione del personale paramedico delle Forze Armate da parte della MISIN\" width=\"855\" height=\"570\" srcset=\"https:\/\/ambniamey.esteri.it\/wp-content\/uploads\/2023\/10\/MISIN-300x200.jpg 300w, https:\/\/ambniamey.esteri.it\/wp-content\/uploads\/2023\/10\/MISIN.jpg 637w\" sizes=\"auto, (max-width: 855px) 100vw, 855px\" \/><figcaption id=\"caption-attachment-683\" class=\"wp-caption-text\">Formation du personnel param\u00e9dical des Forces Arm\u00e9es par le MISIN<\/figcaption><\/figure>\n<p>Il existe entre l&rsquo;Italie et le Niger un partenariat solide dans le secteur de la d\u00e9fense et de la s\u00e9curit\u00e9, qui constitue le principal pilier de la mission <u><a href=\"https:\/\/www.difesa.it\/OperazioniMilitari\/op_intern_corso\/Niger_missione_bilaterale_supporto\/Pagine\/default.aspx\">MISIN<\/a><\/u>.<\/p>\n<p>Par ailleurs, l\u2019Italie et le Niger collaborent pour la pr\u00e9vention de l\u2019acquisition d\u2019armes et de munitions par des groupes extr\u00e9mistes et terroristes dans le bassin du Lac Tchad \u00e0 travers le projet \u201cCapacity building to prevent the acquisition of arms and ammunition by violent extremist \/ terrorist groups in the Lake Chad Basin\u201d, cr\u00e9\u00e9 par le MAECI en collaboration avec l&rsquo;UNREC (Centre R\u00e9gional des Nations Unies pour la Paix et le D\u00e9sarmement en Afrique).<\/p>\n<p>Le Niger fait partie des Pays b\u00e9n\u00e9ficiaires du projet \u201cEnhancing border security and management to counter terrorism and related transnational organized\u201d qui vise \u00e0 renforcer les capacit\u00e9s des agences nationales de contr\u00f4le des fronti\u00e8res, de mani\u00e8re \u00e0 consolider les fronti\u00e8res et \u00e0 contribuer \u00e0 la stabilisation de la r\u00e9gion sah\u00e9lienne. Realis\u00e9\u00a0 par le MAECI en partenariat avec l&rsquo;UNOCT (Bureau des Nations Unies pour la Lutte contre le Terrorisme).<\/p>\n<p>Le Niger fait \u00e9galement partie d\u2019un autre projet organis\u00e9 par le MAECI en partenariat avec l\u2019UNOCT (Bureau des Nations Unies pour la Lutte contre le Terrorisme) : \u201cEnhancing border security and management to counter terrorism and related transnational organized crime in Western Africa and Gulf of Guinea countries\u201d. Ce projet vise \u00e0 renforcer les capacit\u00e9s des Pays participants en mati\u00e8re de contr\u00f4le des fronti\u00e8res, en vue de pr\u00e9venir et combattre le terrorisme (y compris le ph\u00e9nom\u00e8ne des combattants terroristes \u00e9trangers &#8211; FTFs), la criminalit\u00e9 transnationale organis\u00e9e et autres activit\u00e9s criminelles transfrontali\u00e8res.<\/p>\n","protected":false},"excerpt":{"rendered":"Il existe entre l&rsquo;Italie et le Niger un partenariat solide dans le secteur de la d\u00e9fense et de la s\u00e9curit\u00e9, qui constitue le principal pilier de la mission MISIN. Par ailleurs, l\u2019Italie et le Niger collaborent pour la pr\u00e9vention de l\u2019acquisition d\u2019armes et de munitions par des groupes extr\u00e9mistes et terroristes dans le bassin du [&hellip;]","protected":false},"author":4,"featured_media":683,"parent":678,"menu_order":0,"comment_status":"closed","ping_status":"closed","template":"","meta":{"footnotes":""},"class_list":["post-685","page","type-page","status-publish","has-post-thumbnail","hentry"],"_links":{"self":[{"href":"https:\/\/ambniamey.esteri.it\/fr\/wp-json\/wp\/v2\/pages\/685","targetHints":{"allow":["GET"]}}],"collection":[{"href":"https:\/\/ambniamey.esteri.it\/fr\/wp-json\/wp\/v2\/pages"}],"about":[{"href":"https:\/\/ambniamey.esteri.it\/fr\/wp-json\/wp\/v2\/types\/page"}],"author":[{"embeddable":true,"href":"https:\/\/ambniamey.esteri.it\/fr\/wp-json\/wp\/v2\/users\/4"}],"replies":[{"embeddable":true,"href":"https:\/\/ambniamey.esteri.it\/fr\/wp-json\/wp\/v2\/comments?post=685"}],"version-history":[{"count":1,"href":"https:\/\/ambniamey.esteri.it\/fr\/wp-json\/wp\/v2\/pages\/685\/revisions"}],"predecessor-version":[{"id":736,"href":"https:\/\/ambniamey.esteri.it\/fr\/wp-json\/wp\/v2\/pages\/685\/revisions\/736"}],"up":[{"embeddable":true,"href":"https:\/\/ambniamey.esteri.it\/fr\/wp-json\/wp\/v2\/pages\/678"}],"wp:featuredmedia":[{"embeddable":true,"href":"https:\/\/ambniamey.esteri.it\/fr\/wp-json\/wp\/v2\/media\/683"}],"wp:attachment":[{"href":"https:\/\/ambniamey.esteri.it\/fr\/wp-json\/wp\/v2\/media?parent=685"}],"curies":[{"name":"wp","href":"https:\/\/api.w.org\/{rel}","templated":true}]}}