{"id":688,"date":"2023-10-23T13:41:17","date_gmt":"2023-10-23T12:41:17","guid":{"rendered":"https:\/\/ambniamey.esteri.it\/chi-siamo\/lambasciatore\/cooperazione-in-materia-migratoria\/"},"modified":"2023-11-02T11:26:51","modified_gmt":"2023-11-02T10:26:51","slug":"cooperazione-in-materia-migratoria","status":"publish","type":"page","link":"https:\/\/ambniamey.esteri.it\/fr\/italia-e-niger\/rapporti-politici\/cooperazione-in-materia-migratoria\/","title":{"rendered":"Coop\u00e9ration en mati\u00e8re de migration"},"content":{"rendered":"<p><img loading=\"lazy\" decoding=\"async\" class=\" wp-image-753 img-fluid\" src=\"https:\/\/ambniamey.esteri.it\/wp-content\/uploads\/2023\/10\/Decreto-flussi-gazza-300x162.png\" alt=\"Decreto Flussi Gazzetta Ufficiale\" width=\"426\" height=\"230\" srcset=\"https:\/\/ambniamey.esteri.it\/wp-content\/uploads\/2023\/10\/Decreto-flussi-gazza-300x162.png 300w, https:\/\/ambniamey.esteri.it\/wp-content\/uploads\/2023\/10\/Decreto-flussi-gazza.png 692w\" sizes=\"auto, (max-width: 426px) 100vw, 426px\" \/><\/p>\n<p>L&rsquo;Italie est engag\u00e9e dans la lutte contre l&rsquo;immigration clandestine, notamment \u00e0 travers la lutte contre les trafiquants d&rsquo;\u00eatres humains.<\/p>\n<p>\u00c0 cet \u00e9gard, l&rsquo;Italie promeut des interventions au Niger dans le but de renforcer la capacit\u00e9 des institutions locales \u00e0 g\u00e9rer le ph\u00e9nom\u00e8ne migratoire, tout en apportant un soutien aux r\u00e9fugi\u00e9s, aux personnes d\u00e9plac\u00e9es internes, aux migrants vuln\u00e9rables et aux communaut\u00e9s d&rsquo;accueil.<\/p>\n<p>Par ailleurs, l\u2019Italie promeut une immigration r\u00e9guli\u00e8re \u00e0 travers<a href=\"https:\/\/ambniamey.esteri.it\/fr\/news\/dall_ambasciata\/2023\/10\/emanazione-nuovo-decreto-flussi-per-il-triennio-2023-2025\/\"> <u>des d\u00e9crets de flux sp\u00e9cifiques qui touchent \u00e9galement le Niger.<\/u><\/a><\/p>\n","protected":false},"excerpt":{"rendered":"L&rsquo;Italie est engag\u00e9e dans la lutte contre l&rsquo;immigration clandestine, notamment \u00e0 travers la lutte contre les trafiquants d&rsquo;\u00eatres humains. \u00c0 cet \u00e9gard, l&rsquo;Italie promeut des interventions au Niger dans le but de renforcer la capacit\u00e9 des institutions locales \u00e0 g\u00e9rer le ph\u00e9nom\u00e8ne migratoire, tout en apportant un soutien aux r\u00e9fugi\u00e9s, aux personnes d\u00e9plac\u00e9es internes, aux [&hellip;]","protected":false},"author":4,"featured_media":753,"parent":678,"menu_order":0,"comment_status":"closed","ping_status":"closed","template":"","meta":{"footnotes":""},"class_list":["post-688","page","type-page","status-publish","has-post-thumbnail","hentry"],"_links":{"self":[{"href":"https:\/\/ambniamey.esteri.it\/fr\/wp-json\/wp\/v2\/pages\/688","targetHints":{"allow":["GET"]}}],"collection":[{"href":"https:\/\/ambniamey.esteri.it\/fr\/wp-json\/wp\/v2\/pages"}],"about":[{"href":"https:\/\/ambniamey.esteri.it\/fr\/wp-json\/wp\/v2\/types\/page"}],"author":[{"embeddable":true,"href":"https:\/\/ambniamey.esteri.it\/fr\/wp-json\/wp\/v2\/users\/4"}],"replies":[{"embeddable":true,"href":"https:\/\/ambniamey.esteri.it\/fr\/wp-json\/wp\/v2\/comments?post=688"}],"version-history":[{"count":6,"href":"https:\/\/ambniamey.esteri.it\/fr\/wp-json\/wp\/v2\/pages\/688\/revisions"}],"predecessor-version":[{"id":756,"href":"https:\/\/ambniamey.esteri.it\/fr\/wp-json\/wp\/v2\/pages\/688\/revisions\/756"}],"up":[{"embeddable":true,"href":"https:\/\/ambniamey.esteri.it\/fr\/wp-json\/wp\/v2\/pages\/678"}],"wp:featuredmedia":[{"embeddable":true,"href":"https:\/\/ambniamey.esteri.it\/fr\/wp-json\/wp\/v2\/media\/753"}],"wp:attachment":[{"href":"https:\/\/ambniamey.esteri.it\/fr\/wp-json\/wp\/v2\/media?parent=688"}],"curies":[{"name":"wp","href":"https:\/\/api.w.org\/{rel}","templated":true}]}}