{"id":328,"date":"2023-09-25T10:00:32","date_gmt":"2023-09-25T09:00:32","guid":{"rendered":"https:\/\/ambniamey.esteri.it\/?page_id=328"},"modified":"2023-11-02T11:50:59","modified_gmt":"2023-11-02T10:50:59","slug":"rassegna-stampa-nigerina","status":"publish","type":"page","link":"https:\/\/ambniamey.esteri.it\/it\/news\/dall_ambasciata\/rassegna-stampa-nigerina\/","title":{"rendered":"Rassegna Stampa nigerina"},"content":{"rendered":"<p><img loading=\"lazy\" decoding=\"async\" class=\"alignnone  wp-image-331 img-fluid\" src=\"https:\/\/ambniamey.esteri.it\/wp-content\/uploads\/2023\/09\/newspapers-magazines_104376-676-300x200.webp\" alt=\"newspapers-magazines_104376-676\" width=\"425\" height=\"283\" srcset=\"https:\/\/ambniamey.esteri.it\/wp-content\/uploads\/2023\/09\/newspapers-magazines_104376-676-300x200.webp 300w, https:\/\/ambniamey.esteri.it\/wp-content\/uploads\/2023\/09\/newspapers-magazines_104376-676.webp 626w\" sizes=\"auto, (max-width: 425px) 100vw, 425px\" \/><\/p>\n<p>Elenco delle principali agenzie di stampa e siti di notizie del Niger:<\/p>\n<p><a href=\"http:\/\/lesahel.org\">Le Sahel<\/a><\/p>\n<p><a href=\"http:\/\/www.anp.ne\">Agence Nig\u00e9rienne de Presse<\/a><\/p>\n<p><a href=\"https:\/\/lecanarddechaineniger.com\/\">Le Canard D\u00e9cha\u00een\u00e9 Niger<\/a><\/p>\n<p><a href=\"https:\/\/larouedelhistoire.com\/\">La roue de l&#8217;histoire<\/a><\/p>\n<p><a href=\"https:\/\/lenqueteur-niger.com\/\">LENQUETEUR NIGER\u00a0<\/a><\/p>\n<p><a href=\"http:\/\/actuniger.com\">ActuNiger<\/a><\/p>\n<p><a href=\"https:\/\/www.nigerinter.com\">Niger Inter<\/a><\/p>\n<p><a href=\"https:\/\/levenementniger.com\">L&#8217;\u00e9v\u00e9nement Niger<\/a><\/p>\n<p><a href=\"https:\/\/www.studiokalangou.org\">Studio Kalangou<\/a><\/p>\n<p><a href=\"http:\/\/nigerdiaspora.net\">Nigerdiaspora<\/a><\/p>\n<p><a href=\"https:\/\/airinfoagadez.com\">Air Info<\/a><\/p>\n<p><a href=\"https:\/\/www.nigerrenouveau.com\/\">Niger Renouveau<\/a><\/p>\n<p><a href=\"https:\/\/www.niameytimes.com\/\">Niamey Times<\/a><\/p>\n<p><a href=\"https:\/\/www.lemonde.fr\/niger\/\">Le Monde &#8211; Niger<\/a><\/p>\n<p><a href=\"https:\/\/lecourrier.ch\/tag\/niger\/\">Le Courrier &#8211; Niger<\/a><\/p>\n","protected":false},"excerpt":{"rendered":"Elenco delle principali agenzie di stampa e siti di notizie del Niger: Le Sahel Agence Nig\u00e9rienne de Presse Le Canard D\u00e9cha\u00een\u00e9 Niger La roue de l&#8217;histoire LENQUETEUR NIGER\u00a0 ActuNiger Niger Inter L&#8217;\u00e9v\u00e9nement Niger Studio Kalangou Nigerdiaspora Air Info Niger Renouveau Niamey Times Le Monde &#8211; Niger Le Courrier &#8211; Niger","protected":false},"author":4,"featured_media":331,"parent":33,"menu_order":6,"comment_status":"closed","ping_status":"closed","template":"","meta":{"footnotes":""},"class_list":["post-328","page","type-page","status-publish","has-post-thumbnail","hentry"],"_links":{"self":[{"href":"https:\/\/ambniamey.esteri.it\/it\/wp-json\/wp\/v2\/pages\/328","targetHints":{"allow":["GET"]}}],"collection":[{"href":"https:\/\/ambniamey.esteri.it\/it\/wp-json\/wp\/v2\/pages"}],"about":[{"href":"https:\/\/ambniamey.esteri.it\/it\/wp-json\/wp\/v2\/types\/page"}],"author":[{"embeddable":true,"href":"https:\/\/ambniamey.esteri.it\/it\/wp-json\/wp\/v2\/users\/4"}],"replies":[{"embeddable":true,"href":"https:\/\/ambniamey.esteri.it\/it\/wp-json\/wp\/v2\/comments?post=328"}],"version-history":[{"count":6,"href":"https:\/\/ambniamey.esteri.it\/it\/wp-json\/wp\/v2\/pages\/328\/revisions"}],"predecessor-version":[{"id":776,"href":"https:\/\/ambniamey.esteri.it\/it\/wp-json\/wp\/v2\/pages\/328\/revisions\/776"}],"up":[{"embeddable":true,"href":"https:\/\/ambniamey.esteri.it\/it\/wp-json\/wp\/v2\/pages\/33"}],"wp:featuredmedia":[{"embeddable":true,"href":"https:\/\/ambniamey.esteri.it\/it\/wp-json\/wp\/v2\/media\/331"}],"wp:attachment":[{"href":"https:\/\/ambniamey.esteri.it\/it\/wp-json\/wp\/v2\/media?parent=328"}],"curies":[{"name":"wp","href":"https:\/\/api.w.org\/{rel}","templated":true}]}}