{"id":40,"date":"2023-04-11T18:01:19","date_gmt":"2023-04-11T16:01:19","guid":{"rendered":"https:\/\/ambasciatapraga.esteri.it\/?page_id=40"},"modified":"2024-12-23T19:15:28","modified_gmt":"2024-12-23T18:15:28","slug":"gli-uffici","status":"publish","type":"page","link":"https:\/\/ambniamey.esteri.it\/it\/chi-siamo\/gli-uffici\/","title":{"rendered":"Gli Uffici"},"content":{"rendered":"<p>Gli Uffici dell\u2019Ambasciata d\u2019Italia a Niamey sono aperti al pubblico dal luned\u00ec al venerd\u00ec dalle ore 9 alle ore 12.30.<\/p>\n<p>L\u2019ingresso \u00e8 consentito esclusivamente previo appuntamento da prendere al numero +227 80061782.<\/p>\n<p>&nbsp;<\/p>\n<p><strong>FESTIVIT\u00c0 SEDE ANNO 2025<br \/>\n<\/strong><\/p>\n<ul>\n<li>Mercoled\u00ec 01 gennaio &#8211; Capodanno<\/li>\n<li>Luned\u00ec 06 gennaio &#8211; Epifania<\/li>\n<li>Luned\u00ec 31 marzo &#8211; Aid El Fitr (Ramadan)<\/li>\n<li>Venerd\u00ec 25 aprile &#8211; Anniversario della Liberazione<\/li>\n<li>Gioved\u00ec 01 maggio &#8211; Festa del Lavoro<\/li>\n<li>Luned\u00ec 02 giugno &#8211; Festa della Repubblica Italiana<\/li>\n<li>Sabato 07 giugno &#8211; Aid El Adha (Tabaski)<\/li>\n<li>Domenica 03 agosto &#8211; Festa dell&#8217;Indipendenza<\/li>\n<li>Venerd\u00ec 15 agosto &#8211; Assunzione<\/li>\n<li>Gioved\u00ec 18 dicembre &#8211; Festa della Repubblica del Niger<\/li>\n<li>Gioved\u00ec 25 dicembre &#8211; Natale<\/li>\n<\/ul>\n<p><em>Ultimo aggiornamento: 23 dicembre 2024<\/em><\/p>\n","protected":false},"excerpt":{"rendered":"Gli Uffici dell\u2019Ambasciata d\u2019Italia a Niamey sono aperti al pubblico dal luned\u00ec al venerd\u00ec dalle ore 9 alle ore 12.30. L\u2019ingresso \u00e8 consentito esclusivamente previo appuntamento da prendere al numero +227 80061782. &nbsp; FESTIVIT\u00c0 SEDE ANNO 2025 Mercoled\u00ec 01 gennaio &#8211; Capodanno Luned\u00ec 06 gennaio &#8211; Epifania Luned\u00ec 31 marzo &#8211; Aid El Fitr (Ramadan) [&hellip;]","protected":false},"author":1,"featured_media":0,"parent":13,"menu_order":5,"comment_status":"closed","ping_status":"closed","template":"","meta":{"footnotes":""},"class_list":["post-40","page","type-page","status-publish","hentry"],"_links":{"self":[{"href":"https:\/\/ambniamey.esteri.it\/it\/wp-json\/wp\/v2\/pages\/40","targetHints":{"allow":["GET"]}}],"collection":[{"href":"https:\/\/ambniamey.esteri.it\/it\/wp-json\/wp\/v2\/pages"}],"about":[{"href":"https:\/\/ambniamey.esteri.it\/it\/wp-json\/wp\/v2\/types\/page"}],"author":[{"embeddable":true,"href":"https:\/\/ambniamey.esteri.it\/it\/wp-json\/wp\/v2\/users\/1"}],"replies":[{"embeddable":true,"href":"https:\/\/ambniamey.esteri.it\/it\/wp-json\/wp\/v2\/comments?post=40"}],"version-history":[{"count":6,"href":"https:\/\/ambniamey.esteri.it\/it\/wp-json\/wp\/v2\/pages\/40\/revisions"}],"predecessor-version":[{"id":1397,"href":"https:\/\/ambniamey.esteri.it\/it\/wp-json\/wp\/v2\/pages\/40\/revisions\/1397"}],"up":[{"embeddable":true,"href":"https:\/\/ambniamey.esteri.it\/it\/wp-json\/wp\/v2\/pages\/13"}],"wp:attachment":[{"href":"https:\/\/ambniamey.esteri.it\/it\/wp-json\/wp\/v2\/media?parent=40"}],"curies":[{"name":"wp","href":"https:\/\/api.w.org\/{rel}","templated":true}]}}