{"id":44,"date":"2023-04-11T18:10:45","date_gmt":"2023-04-11T16:10:45","guid":{"rendered":"https:\/\/ambasciatapraga.esteri.it\/?page_id=44"},"modified":"2025-03-10T12:46:50","modified_gmt":"2025-03-10T11:46:50","slug":"diplomazia-culturale","status":"publish","type":"page","link":"https:\/\/ambniamey.esteri.it\/it\/italia-e-niger\/diplomazia-culturale\/","title":{"rendered":"Diplomazia culturale"},"content":{"rendered":"<h3><strong>Esposizione &#8220;L&#8217;Occhio Felice&#8221; di Massimo Listri<\/strong><\/h3>\n<p>&nbsp;<\/p>\n<p><img loading=\"lazy\" decoding=\"async\" class=\"alignnone size-full wp-image-1526 img-fluid\" src=\"https:\/\/ambniamey.esteri.it\/wp-content\/uploads\/2025\/03\/sito-mostra-massimo-listri-2.jpg\" alt=\"\" width=\"1080\" height=\"719\" srcset=\"https:\/\/ambniamey.esteri.it\/wp-content\/uploads\/2025\/03\/sito-mostra-massimo-listri-2.jpg 1080w, https:\/\/ambniamey.esteri.it\/wp-content\/uploads\/2025\/03\/sito-mostra-massimo-listri-2-300x200.jpg 300w, https:\/\/ambniamey.esteri.it\/wp-content\/uploads\/2025\/03\/sito-mostra-massimo-listri-2-1024x682.jpg 1024w, https:\/\/ambniamey.esteri.it\/wp-content\/uploads\/2025\/03\/sito-mostra-massimo-listri-2-768x511.jpg 768w\" sizes=\"auto, (max-width: 1080px) 100vw, 1080px\" \/><\/p>\n<p>In occasione della <strong>Giornata Italo-Nigerina<\/strong>, \u00e8 stata allestita un&#8217;esposizione sia fisica che virtuale intitolata <strong><em>L\u2019Occhio Felice<\/em><\/strong>, dedicata al lavoro del celebre fotografo fiorentino Massimo Listri. Riconosciuto a livello internazionale come uno dei massimi esponenti della fotografia d&#8217; arte, di architettura e di interni, Listri ha saputo catturare con il suo obiettivo la bellezza e l\u2019armonia degli spazi, offrendo al pubblico un\u2019esperienza visiva unica e suggestiva. L\u2019esposizione ha rappresentato un&#8217; importante occasione per valorizzare il dialogo culturale tra l\u2019Italia e il Niger, permettendo ai visitatori di immergersi in un viaggio attraverso immagini di straordinaria raffinatezza, capaci di esaltare il patrimonio artistico e architettonico in una prospettiva inedita.<\/p>\n<p>&nbsp;<\/p>\n<h3><strong>Giornata &#8220;Made in Italy&#8221; a Niamey: tra Innovazione e Creativit\u00e0<\/strong><\/h3>\n<p>&nbsp;<\/p>\n<p><img loading=\"lazy\" decoding=\"async\" class=\"wp-image-1049 img-fluid aligncenter\" src=\"https:\/\/ambniamey.esteri.it\/wp-content\/uploads\/2024\/06\/Invito-RSVP-copy-1.jpg\" alt=\"\" width=\"298\" height=\"479\" srcset=\"https:\/\/ambniamey.esteri.it\/wp-content\/uploads\/2024\/06\/Invito-RSVP-copy-1.jpg 380w, https:\/\/ambniamey.esteri.it\/wp-content\/uploads\/2024\/06\/Invito-RSVP-copy-1-187x300.jpg 187w\" sizes=\"auto, (max-width: 298px) 100vw, 298px\" \/><\/p>\n<p>La capitale nigerina ha ospitato un evento eccezionale organizzato dall\u2019Ambasciata d\u2019Italia, mettendo in risalto l\u2019eccellenza del design italiano e il suo ruolo chiave nell\u2019innovazione e nella creativit\u00e0. Il 30 aprile 2024, presso la Facolt\u00e0 di Lettere dell\u2019<strong>Universit\u00e0 Abdou Moumouni<\/strong> e la <strong>Galleria CocoDesign<\/strong>, un pubblico di appassionati d\u2019arte, cultura e design si \u00e8 riunito per questa celebrazione.<\/p>\n<p>L\u2019evento si \u00e8 aperto con una conferenza guidata dal Sig. Adji Mansour, direttore generale di<strong> AMAA Architecture<\/strong>, sul tema &#8220;<strong>Il Design Italiano: un Motore di Innovazione e Creativit\u00e0<\/strong>&#8220;, moderata dal Dott. Issa Hassan. La partecipazione del Dott. Yay\u00e9 Seydou Hadiara, in rappresentanza del rettore, e del Capo Missione in Niger ha arricchito il dibattito, testimoniando l\u2019importanza degli scambi culturali e accademici tra i due Paesi. A seguire, la mostra &#8220;<strong>Pinocchio e il Design Italiano<\/strong>&#8220;, aperta fino al 9 maggio 2024 presso la Galleria CocoDesign, ha presentato una collezione ispirata a Pinocchio, in dialogo con le opere di artisti nigerini.<\/p>\n<p>Questa collaborazione artistica ha illustrato l\u2019incontro tra la tradizione del design italiano e la creativit\u00e0 locale. La giornata si \u00e8 conclusa con la premiazione del concorso &#8220;<strong>Carissimo Pinocchio<\/strong>&#8220;, che ha riconosciuto il talento di giovani designer nigerini per opere che combinano arte e funzionalit\u00e0, nello spirito del design italiano. Pinocchio, oltre la fiaba, \u00e8 stato scelto come simbolo del design italiano, incarnando creativit\u00e0 e innovazione. L\u2019edizione 2024 della <strong>Giornata Made in Italy<\/strong> a Niamey ha cos\u00ec messo in risalto la ricchezza del design italiano, rafforzando al contempo gli scambi culturali con il Niger.<\/p>\n","protected":false},"excerpt":{"rendered":"Esposizione &#8220;L&#8217;Occhio Felice&#8221; di Massimo Listri &nbsp; In occasione della Giornata Italo-Nigerina, \u00e8 stata allestita un&#8217;esposizione sia fisica che virtuale intitolata L\u2019Occhio Felice, dedicata al lavoro del celebre fotografo fiorentino Massimo Listri. Riconosciuto a livello internazionale come uno dei massimi esponenti della fotografia d&#8217; arte, di architettura e di interni, Listri ha saputo catturare con [&hellip;]","protected":false},"author":1,"featured_media":0,"parent":14,"menu_order":2,"comment_status":"closed","ping_status":"closed","template":"","meta":{"footnotes":""},"class_list":["post-44","page","type-page","status-publish","hentry"],"_links":{"self":[{"href":"https:\/\/ambniamey.esteri.it\/it\/wp-json\/wp\/v2\/pages\/44","targetHints":{"allow":["GET"]}}],"collection":[{"href":"https:\/\/ambniamey.esteri.it\/it\/wp-json\/wp\/v2\/pages"}],"about":[{"href":"https:\/\/ambniamey.esteri.it\/it\/wp-json\/wp\/v2\/types\/page"}],"author":[{"embeddable":true,"href":"https:\/\/ambniamey.esteri.it\/it\/wp-json\/wp\/v2\/users\/1"}],"replies":[{"embeddable":true,"href":"https:\/\/ambniamey.esteri.it\/it\/wp-json\/wp\/v2\/comments?post=44"}],"version-history":[{"count":7,"href":"https:\/\/ambniamey.esteri.it\/it\/wp-json\/wp\/v2\/pages\/44\/revisions"}],"predecessor-version":[{"id":1618,"href":"https:\/\/ambniamey.esteri.it\/it\/wp-json\/wp\/v2\/pages\/44\/revisions\/1618"}],"up":[{"embeddable":true,"href":"https:\/\/ambniamey.esteri.it\/it\/wp-json\/wp\/v2\/pages\/14"}],"wp:attachment":[{"href":"https:\/\/ambniamey.esteri.it\/it\/wp-json\/wp\/v2\/media?parent=44"}],"curies":[{"name":"wp","href":"https:\/\/api.w.org\/{rel}","templated":true}]}}