{"id":45,"date":"2023-04-11T18:10:55","date_gmt":"2023-04-11T16:10:55","guid":{"rendered":"https:\/\/ambasciatapraga.esteri.it\/?page_id=45"},"modified":"2023-10-28T11:36:10","modified_gmt":"2023-10-28T10:36:10","slug":"diplomazia-scientifica","status":"publish","type":"page","link":"https:\/\/ambniamey.esteri.it\/it\/italia-e-niger\/diplomazia-scientifica\/","title":{"rendered":"Diplomazia scientifica"},"content":{"rendered":"<p><img loading=\"lazy\" decoding=\"async\" class=\" wp-image-644 img-fluid\" src=\"https:\/\/ambniamey.esteri.it\/wp-content\/uploads\/2023\/10\/corso_magistrati-300x172.jpg\" alt=\"corso per magistrati in collaborazione con la Scuola Superiore Sant\u2019Anna\" width=\"855\" height=\"490\" srcset=\"https:\/\/ambniamey.esteri.it\/wp-content\/uploads\/2023\/10\/corso_magistrati-300x172.jpg 300w, https:\/\/ambniamey.esteri.it\/wp-content\/uploads\/2023\/10\/corso_magistrati-1024x586.jpg 1024w, https:\/\/ambniamey.esteri.it\/wp-content\/uploads\/2023\/10\/corso_magistrati-768x440.jpg 768w, https:\/\/ambniamey.esteri.it\/wp-content\/uploads\/2023\/10\/corso_magistrati.jpg 1186w\" sizes=\"auto, (max-width: 855px) 100vw, 855px\" \/><\/p>\n<p><span style=\"font-size: 14px;\">Corso per magistrati in collaborazione con la Scuola Superiore Sant\u2019Anna<\/span><\/p>\n<p>A partire dal 2018, in collaborazione con la Scuola Superiore Sant\u2019Anna di Pisa, il MAECI ha finanziato <a href=\"https:\/\/www.santannapisa.it\/it\/news\/cooperazione-tra-italia-e-niger-fino-giovedi-11-maggio-niamey-il-nuovo-corso-di-alta\">corsi di formazione a beneficio dei magistrati nigerini<\/a>. I corsi vertono su temi specifici concordati con le controparti locali: indagini in materia di terrorismo, strumenti di aggressione ai patrimoni criminali illecitamente accumulati, protezione dei dati personali e lotta alla criminalit\u00e0 informatica.<\/p>\n<p>Nel 2021 \u00e8 stato avviato un progetto per la realizzazione di nanosatelliti.<\/p>\n<p>Da novembre 2022 il Niger prende parte al progetto Talisman \u201cInterdisciplinary konwledge to promote food security and an equitable society in Niger in the context of climate change\u201d. Finanziato dal MAECI e realizzato dalla Scuola Superiore Sant\u2019Anna di Pisa, insieme all\u2019organizzazione no profit ASeS (Agricoltori Solidariet\u00e0 e Sviluppo), il progetto \u00e8 volto a sviluppare strategie integrate per migliorare la resilienza nei confronti dei cambiamenti climatici, cos\u00ec da rafforzare la sicurezza alimentare e incentivare lo sviluppo sostenibile, nonch\u00e9 nel medio periodo ridurre le diseguaglianze sociali e aumentare la stabilit\u00e0 interna.<\/p>\n<p>Da dicembre 2022 Niger \u00e8 beneficiario del progetto ETRA:ID, \u201cEngaging traditional and religious authorities in the Sahel: the role of inter-religious dialogue\u201d. Organizzato in collaborazione con la Scuola Superiore Sant\u2019Anna di Pisa, il progetto mira ad esplorare il ruolo e il potenziale delle autorit\u00e0 tradizionali nelle situazioni di conflitto per promuovere iniziative di mediazione basate sul dialogo interreligioso.<\/p>\n","protected":false},"excerpt":{"rendered":"Corso per magistrati in collaborazione con la Scuola Superiore Sant\u2019Anna A partire dal 2018, in collaborazione con la Scuola Superiore Sant\u2019Anna di Pisa, il MAECI ha finanziato corsi di formazione a beneficio dei magistrati nigerini. I corsi vertono su temi specifici concordati con le controparti locali: indagini in materia di terrorismo, strumenti di aggressione ai [&hellip;]","protected":false},"author":1,"featured_media":644,"parent":14,"menu_order":4,"comment_status":"closed","ping_status":"closed","template":"","meta":{"footnotes":""},"class_list":["post-45","page","type-page","status-publish","has-post-thumbnail","hentry"],"_links":{"self":[{"href":"https:\/\/ambniamey.esteri.it\/it\/wp-json\/wp\/v2\/pages\/45","targetHints":{"allow":["GET"]}}],"collection":[{"href":"https:\/\/ambniamey.esteri.it\/it\/wp-json\/wp\/v2\/pages"}],"about":[{"href":"https:\/\/ambniamey.esteri.it\/it\/wp-json\/wp\/v2\/types\/page"}],"author":[{"embeddable":true,"href":"https:\/\/ambniamey.esteri.it\/it\/wp-json\/wp\/v2\/users\/1"}],"replies":[{"embeddable":true,"href":"https:\/\/ambniamey.esteri.it\/it\/wp-json\/wp\/v2\/comments?post=45"}],"version-history":[{"count":6,"href":"https:\/\/ambniamey.esteri.it\/it\/wp-json\/wp\/v2\/pages\/45\/revisions"}],"predecessor-version":[{"id":723,"href":"https:\/\/ambniamey.esteri.it\/it\/wp-json\/wp\/v2\/pages\/45\/revisions\/723"}],"up":[{"embeddable":true,"href":"https:\/\/ambniamey.esteri.it\/it\/wp-json\/wp\/v2\/pages\/14"}],"wp:featuredmedia":[{"embeddable":true,"href":"https:\/\/ambniamey.esteri.it\/it\/wp-json\/wp\/v2\/media\/644"}],"wp:attachment":[{"href":"https:\/\/ambniamey.esteri.it\/it\/wp-json\/wp\/v2\/media?parent=45"}],"curies":[{"name":"wp","href":"https:\/\/api.w.org\/{rel}","templated":true}]}}